{"id":104,"date":"2020-10-31T04:06:14","date_gmt":"2020-10-31T04:06:14","guid":{"rendered":"http:\/\/www.arztpraxis-huemer-und-braun.de\/test_wordpress\/?page_id=104"},"modified":"2026-01-25T10:16:15","modified_gmt":"2026-01-25T10:16:15","slug":"info_center","status":"publish","type":"page","link":"https:\/\/www.arztpraxis-huemer-und-braun.de\/?page_id=104","title":{"rendered":"Info Center"},"content":{"rendered":"[et_pb_section fb_built=&#8220;1&#8243; admin_label=&#8220;section&#8220; _builder_version=&#8220;3.22&#8243;][et_pb_row _builder_version=&#8220;4.7.7&#8243; _module_preset=&#8220;default&#8220; width=&#8220;73.7%&#8220;][et_pb_column type=&#8220;4_4&#8243; _builder_version=&#8220;4.7.7&#8243; _module_preset=&#8220;default&#8220;][et_pb_text content_tablet=&#8220;<\/p>\n<h1>INFO CENTER<\/h1>\n<p>&#8220; content_phone=&#8220;<\/p>\n<h2>Info Center<\/h2>\n<p>&#8220; content_last_edited=&#8220;on|phone&#8220; _builder_version=&#8220;4.7.7&#8243; _module_preset=&#8220;default&#8220;]<h1>Info Center<\/h1>[\/et_pb_text][et_pb_text _builder_version=&#8220;4.7.7&#8243; _module_preset=&#8220;default&#8220;]<h5>Wir freuen uns, dass wir von der Deutschen \u00c4rztegesellschaft f\u00fcr Akupunktur als <span style=\"text-decoration: underline;\"><a href=\"https:\/\/www.arztpraxis-huemer-und-braun.de\/test_wordpress\/wp-content\/uploads\/2023\/02\/Hospitationspraxis.pdf\">Hospitationspraxis<\/a><\/span> akkreditiert sind.<\/h5>\n<h5>\u00a0<\/h5>\n<h5>\u00a0<\/h5>\n<h5>Flyer<\/h5>\n<p>&nbsp;<\/p>\n<p><a href=\"https:\/\/www.arztpraxis-huemer-und-braun.de\/test_wordpress\/wp-content\/uploads\/2021\/01\/Flyer-Braun-mit-Code.pdf\">\u00a0<\/a><\/p>\n<p><a href=\"https:\/\/www.arztpraxis-huemer-und-braun.de\/test_wordpress\/wp-content\/uploads\/2024\/12\/Flyer-Braun-W-und-R-22.12.2024.pdf\">Praxisflyer<\/a><br \/><a href=\"https:\/\/www.arztpraxis-huemer-und-braun.de\/test_wordpress\/wp-content\/uploads\/2020\/10\/flyer1.pdf\" target=\"_blank\" rel=\"noopener noreferrer\">Praxisflyer Akupunktur<\/a><br \/><a href=\"https:\/\/www.arztpraxis-huemer-und-braun.de\/test_wordpress\/wp-content\/uploads\/2021\/01\/Ist-Mann-gesund.pdf\" target=\"_blank\" rel=\"noopener noreferrer\">M\u00e4nnergesundheit<\/a><a href=\"https:\/\/www.arztpraxis-huemer-und-braun.de\/test_wordpress\/wp-content\/uploads\/2020\/10\/private.pdf\"><br \/><\/a><a href=\"https:\/\/www.arztpraxis-huemer-und-braun.de\/test_wordpress\/wp-content\/uploads\/2021\/01\/Infoblatt-Patienten-f\u00fcr-GP-Patienten-Praxishomepage.pdf\" target=\"_blank\" rel=\"noopener noreferrer\">Patientensuche f\u00fcr Praxiskurse \u00c4rztefortbildung<br \/><\/a><a href=\"https:\/\/www.arztpraxis-huemer-und-braun.de\/test_wordpress\/private-zusatzversicherung\/\">Private Zusatzversicherung<\/a><\/p>\n<p>&nbsp;<\/p>\n<p>&nbsp;<\/p>\n<h5>Fachinformationen<\/h5>\n<p>&nbsp;<\/p>\n<p>&nbsp;<\/p>\n<p><a href=\"https:\/\/www.arztpraxis-huemer-und-braun.de\/test_wordpress\/wp-content\/uploads\/2020\/10\/Sicherheit_chinesicher_Arzneitherapie.pdf\">Sicherheit chinesicher Arzneitherapie<\/a><br \/><a href=\"https:\/\/www.arztpraxis-huemer-und-braun.de\/test_wordpress\/wp-content\/uploads\/2020\/10\/Stellungnahme.pdf\" target=\"_blank\" rel=\"noopener noreferrer\">Stellungnahme zur Qualit\u00e4t chinesischer Arzneien<br \/><\/a><a href=\"http:\/\/m.welt.de\/gesundheit\/article152633512\/Akupunktur-wirkt-oft-genauso-gut-wie-Medikamente.html\" target=\"_blank\" rel=\"noopener noreferrer\">Akupunktur wirkt oft genau so gut wie Medikamente ( Die Welt 2016)<br \/><\/a><a href=\"https:\/\/www.arztpraxis-huemer-und-braun.de\/test_wordpress\/infektionsschutz\/\">So sch\u00fctzen Sie sich vor Infektionen<\/a><\/p>\n<p>&nbsp;<\/p>\n<p>&nbsp;<\/p>\n<h5>Eigene Ver\u00f6ffentlichungen<\/h5>\n<p>&nbsp;<\/p>\n<p>&nbsp;<\/p>\n<p><a href=\"https:\/\/natuerlich.haug-verlag.de\/spezialthemen\/rueckenschmerz\/detail\/rueckenschmerz\/huemer-499\" target=\"_blank\" rel=\"noopener noreferrer\">Hautver\u00e4nderung bei St\u00f6rungen im Funktionskreis Leber<\/a><\/p>\n<p>&nbsp;<\/p>\n<p><a href=\"https:\/\/www.arztpraxis-huemer-und-braun.de\/test_wordpress\/wp-content\/uploads\/2021\/01\/Artikel-Hitze-ZKM.pdf\" target=\"_blank\" rel=\"noopener noreferrer\">Hitze in der TCM<\/a><\/p>\n<p>&nbsp;<\/p>\n<p><a style=\"font-size: 14px;\" href=\"https:\/\/natuerlich.haug-verlag.de\/spezialthemen\/rueckenschmerz\/detail\/rueckenschmerz\/huemer-499\">R\u00fcckenschmerz: TCM-Therapieans\u00e4tze bei R\u00fcckenschmerzen-Haug Nat\u00fcrlich Medizin!<\/a><\/p>\n<p>&nbsp;<\/p>\n<p><a href=\"https:\/\/natuerlich.haug-verlag.de\/therapieverfahren\/akupunktur\/detail\/hitze-in-der-tcm-616\">Hitze-Erkrankungen: Hitze in der TCM-Haug Nat\u00fcrlich Medizin<\/a><\/p>\n<p>&nbsp;<\/p>\n<p><a href=\"https:\/\/www.arztpraxis-huemer-und-braun.de\/test_wordpress\/wp-content\/uploads\/2023\/08\/Infekte-Artikel-Thieme-2023.pdf\">Atemwegsinfekte: Therapiem\u00f6glichkeiten mittels TCM, Akupunktur, Ern\u00e4hrung und Schr\u00f6pfkopftherapie<\/a><\/p>\n<p>&nbsp;<\/p>\n<p>&nbsp;<\/p>\n<h5>Patientenverf\u00fcgung<\/h5>\n<p>&nbsp;<\/p>\n<p>&nbsp;<\/p>\n<p><a href=\"https:\/\/www.arztpraxis-huemer-und-braun.de\/test_wordpress\/wp-content\/uploads\/2026\/01\/patientenverfuegung.doc\">Patientenverf\u00fcgung<\/a><\/p>\n<p>&nbsp;<\/p>\n<p>&nbsp;<\/p>\n<h5>Patientenbibliothek<\/h5>\n<p>&nbsp;<\/p>\n<p>&nbsp;<\/p>\n<p>Gerne k\u00f6nnen Sie in unserer Praxisbibliothek Fachb\u00fccher und weiterf\u00fchrende Literatur zu verschiedenen Gesundheitsthemen ausleihen.<\/p>\n<p>&nbsp;<\/p>\n<p>&nbsp;<\/p>\n<p><\/p>\n<p>&nbsp;<\/p>\n<p>&nbsp;<\/p>\n<p>&nbsp;<\/p>\n<p><\/p>\n<p>&nbsp;<\/p>\n<p>&nbsp;<\/p>\n<p>&nbsp;<\/p>\n<p><\/p>\n<p>&nbsp;<\/p>\n<p>&nbsp;<\/p>\n<p>&nbsp;<\/p>[\/et_pb_text][et_pb_text _builder_version=&#8220;4.7.7&#8243; _module_preset=&#8220;default&#8220;][\/et_pb_text][\/et_pb_column][\/et_pb_row][\/et_pb_section]","protected":false},"excerpt":{"rendered":"<p>[et_pb_section fb_built=&#8220;1&#8243; admin_label=&#8220;section&#8220; _builder_version=&#8220;3.22&#8243;][et_pb_row _builder_version=&#8220;4.7.7&#8243; _module_preset=&#8220;default&#8220; width=&#8220;73.7%&#8220;][et_pb_column type=&#8220;4_4&#8243; _builder_version=&#8220;4.7.7&#8243; _module_preset=&#8220;default&#8220;][et_pb_text content_tablet=&#8220; INFO CENTER &#8220; content_phone=&#8220; Info Center &#8220; content_last_edited=&#8220;on|phone&#8220; _builder_version=&#8220;4.7.7&#8243; _module_preset=&#8220;default&#8220;] Info Center [\/et_pb_text][et_pb_text _builder_version=&#8220;4.7.7&#8243; _module_preset=&#8220;default&#8220;] Wir freuen uns, dass wir von der Deutschen \u00c4rztegesellschaft f\u00fcr Akupunktur als Hospitationspraxis akkreditiert sind. \u00a0 \u00a0 Flyer &nbsp; \u00a0 PraxisflyerPraxisflyer AkupunkturM\u00e4nnergesundheitPatientensuche f\u00fcr Praxiskurse \u00c4rztefortbildungPrivate Zusatzversicherung &nbsp; &nbsp; Fachinformationen [&hellip;]<\/p>\n","protected":false},"author":1,"featured_media":0,"parent":0,"menu_order":70,"comment_status":"closed","ping_status":"closed","template":"","meta":{"_et_pb_use_builder":"on","_et_pb_old_content":"<!-- wp:html -->\n<br>\n<!-- \/wp:html -->\n\n<!-- wp:heading {\"level\":5} -->\n<h5>Flyer<\/h5>\n<!-- \/wp:heading -->\n\n<!-- wp:paragraph -->\n<p><a href=\"http:\/\/www.arztpraxis-huemer-und-braun.de\/test_wordpress\/wp-content\/uploads\/2020\/10\/flyer3.pdf\" target=\"_blank\" rel=\"noreferrer noopener\">Praxisflyer<\/a><br><a href=\"http:\/\/www.arztpraxis-huemer-und-braun.de\/test_wordpress\/wp-content\/uploads\/2020\/10\/flyer1.pdf\" target=\"_blank\" rel=\"noreferrer noopener\">Praxisflyer <\/a><a href=\"http:\/\/arztpraxis-huemer-und-braun.de\/flyer1.pdf\" target=\"_blank\" rel=\"noreferrer noopener\">Akupunktur<\/a><br><a href=\"http:\/\/www.arztpraxis-huemer-und-braun.de\/test_wordpress\/wp-content\/uploads\/2020\/10\/flyer2.pdf\" target=\"_blank\" rel=\"noreferrer noopener\">Ausbildungsflyer<\/a><br><a href=\"http:\/\/www.arztpraxis-huemer-und-braun.de\/test_wordpress\/wp-content\/uploads\/2020\/10\/maennergesundheit.pdf\" target=\"_blank\" rel=\"noreferrer noopener\">M\u00e4nnergesundheit<\/a><br><a href=\"http:\/\/arztpraxis-huemer-und-braun.de\/private.pdf\">Private <\/a><a href=\"http:\/\/www.arztpraxis-huemer-und-braun.de\/test_wordpress\/wp-content\/uploads\/2020\/10\/private.pdf\" target=\"_blank\" rel=\"noreferrer noopener\">Zusatzversicherung<\/a><\/p>\n<!-- \/wp:paragraph -->\n\n<!-- wp:heading {\"level\":5} -->\n<h5>Presseinformationen<\/h5>\n<!-- \/wp:heading -->\n\n<!-- wp:paragraph -->\n<p><a href=\"http:\/\/arztpraxis-huemer-und-braun.de\/Sicherheit_chinesicher_Arzneitherapie.pdf\">Sicherheit <\/a><a href=\"http:\/\/www.arztpraxis-huemer-und-braun.de\/test_wordpress\/wp-content\/uploads\/2020\/10\/Sicherheit_chinesicher_Arzneitherapie.pdf\" target=\"_blank\" rel=\"noreferrer noopener\">chinesicher <\/a><a href=\"http:\/\/arztpraxis-huemer-und-braun.de\/Sicherheit_chinesicher_Arzneitherapie.pdf\">Arzneitherapie<\/a><br><a href=\"http:\/\/www.arztpraxis-huemer-und-braun.de\/test_wordpress\/wp-content\/uploads\/2020\/10\/Stellungnahme.pdf\" target=\"_blank\" rel=\"noreferrer noopener\">Stellungnahme zur Qualit\u00e4t chinesischer Arzneien<\/a><br><a rel=\"noreferrer noopener\" href=\"http:\/\/m.welt.de\/gesundheit\/article152633512\/Akupunktur-wirkt-oft-genauso-gut-wie-Medikamente.html\" target=\"_blank\">Artikel in \"Die Welt\" vom 25.02.2016<\/a><br><a rel=\"noreferrer noopener\" href=\"http:\/\/arztpraxis-huemer-und-braun.de\/Artikel-Hautveraenderung-1907.pdf\" target=\"_blank\">Hautver\u00e4nderung bei St\u00f6rungen im Funktionskreis Leber<\/a><\/p>\n<!-- \/wp:paragraph -->\n\n<!-- wp:heading {\"level\":5} -->\n<h5>Patientenverf\u00fcgung<\/h5>\n<!-- \/wp:heading -->\n\n<!-- wp:paragraph -->\n<p><a href=\"http:\/\/www.arztpraxis-huemer-und-braun.de\/test_wordpress\/wp-content\/uploads\/2020\/10\/patientenverfuegung.doc\" target=\"_blank\" rel=\"noreferrer noopener\">Patientenverf\u00fcgung<\/a><\/p>\n<!-- \/wp:paragraph -->","_et_gb_content_width":"","footnotes":""},"class_list":["post-104","page","type-page","status-publish","hentry"],"_links":{"self":[{"href":"https:\/\/www.arztpraxis-huemer-und-braun.de\/index.php?rest_route=\/wp\/v2\/pages\/104","targetHints":{"allow":["GET"]}}],"collection":[{"href":"https:\/\/www.arztpraxis-huemer-und-braun.de\/index.php?rest_route=\/wp\/v2\/pages"}],"about":[{"href":"https:\/\/www.arztpraxis-huemer-und-braun.de\/index.php?rest_route=\/wp\/v2\/types\/page"}],"author":[{"embeddable":true,"href":"https:\/\/www.arztpraxis-huemer-und-braun.de\/index.php?rest_route=\/wp\/v2\/users\/1"}],"replies":[{"embeddable":true,"href":"https:\/\/www.arztpraxis-huemer-und-braun.de\/index.php?rest_route=%2Fwp%2Fv2%2Fcomments&post=104"}],"version-history":[{"count":41,"href":"https:\/\/www.arztpraxis-huemer-und-braun.de\/index.php?rest_route=\/wp\/v2\/pages\/104\/revisions"}],"predecessor-version":[{"id":1184,"href":"https:\/\/www.arztpraxis-huemer-und-braun.de\/index.php?rest_route=\/wp\/v2\/pages\/104\/revisions\/1184"}],"wp:attachment":[{"href":"https:\/\/www.arztpraxis-huemer-und-braun.de\/index.php?rest_route=%2Fwp%2Fv2%2Fmedia&parent=104"}],"curies":[{"name":"wp","href":"https:\/\/api.w.org\/{rel}","templated":true}]}}