{"id":108,"date":"2020-10-31T01:00:19","date_gmt":"2020-10-31T01:00:19","guid":{"rendered":"http:\/\/www.arztpraxis-huemer-und-braun.de\/test_wordpress\/?page_id=108"},"modified":"2024-09-30T18:50:44","modified_gmt":"2024-09-30T18:50:44","slug":"herzlich-willkommen","status":"publish","type":"page","link":"https:\/\/www.arztpraxis-huemer-und-braun.de\/","title":{"rendered":"Herzlich Willkommen"},"content":{"rendered":"<p>[et_pb_section fb_built=&#8220;1&#8243; admin_label=&#8220;section&#8220; _builder_version=&#8220;3.22&#8243;][et_pb_row _builder_version=&#8220;4.7.7&#8243; _module_preset=&#8220;default&#8220;][et_pb_column type=&#8220;4_4&#8243; _builder_version=&#8220;4.7.7&#8243; _module_preset=&#8220;default&#8220;][et_pb_text content_tablet=&#8220;<\/p>\n<h1>Herzlich Willkommen<\/h1>\n<p>&#8220; content_phone=&#8220;<\/p>\n<h2>Herzlich Willkommen<\/h2>\n<p>&#8220; content_last_edited=&#8220;on|phone&#8220; _builder_version=&#8220;4.7.7&#8243; _module_preset=&#8220;default&#8220;]<\/p>\n<h1>Herzlich Willkommen<\/h1>\n<p>[\/et_pb_text][\/et_pb_column][\/et_pb_row][et_pb_row column_structure=&#8220;3_5,2_5&#8243; _builder_version=&#8220;4.7.7&#8243; _module_preset=&#8220;default&#8220;][et_pb_column type=&#8220;3_5&#8243; _builder_version=&#8220;4.7.7&#8243; _module_preset=&#8220;default&#8220;][et_pb_text _builder_version=&#8220;4.7.7&#8243; _module_preset=&#8220;default&#8220;]<\/p>\n<p><strong>Unsere Hausarztpraxis Gabriela Huemer, Michael Braun und Kollegen stellt sich vor:<\/strong><\/p>\n<p>Unsere Kernsprechzeiten:<\/p>\n<p>[\/et_pb_text][et_pb_text _builder_version=&#8220;4.7.7&#8243; _module_preset=&#8220;default&#8220; hover_enabled=&#8220;0&#8243; sticky_enabled=&#8220;0&#8243;]<\/p>\n<table>\n<tbody>\n<tr>\n<td><em>Montag<\/em><\/td>\n<td><em>08:00 &#8211; 13:00 Uhr und 14:00 &#8211; 18:00 Uhr<\/em><\/td>\n<\/tr>\n<tr>\n<td><em>Dienstag<\/em><\/td>\n<td><em>08:00 &#8211; 13:00 Uhr und 15:00 &#8211; 19:00 Uhr<\/em><\/td>\n<\/tr>\n<tr>\n<td><em>Mittwoch<\/em><\/td>\n<td><em>08:00 &#8211; 13:00 Uhr<\/em><\/td>\n<\/tr>\n<tr>\n<td><em>Donnerstag<\/em><\/td>\n<td><em>08:00 &#8211; 13:00 Uhr und 15:00 &#8211; 19:00 Uhr<\/em><\/td>\n<\/tr>\n<tr>\n<td><em>Freitag<\/em><\/td>\n<td><em>08:00 &#8211; 14:00 Uhr<\/em><\/td>\n<\/tr>\n<tr>\n<td><em>Samstag<\/em><\/td>\n<td><em>nach Vereinbarung<\/em><\/td>\n<\/tr>\n<\/tbody>\n<\/table>\n<p>[\/et_pb_text][et_pb_text _builder_version=&#8220;4.7.7&#8243; _module_preset=&#8220;default&#8220;]<\/p>\n<p>F\u00fcr spezielle Untersuchungen und Therapien bieten wir auch Termine au\u00dferhalb der Kernsprechzeiten an.<\/p>\n<p><strong>Wir bitten um Terminvereinbarung!<\/strong><\/p>\n<p><strong><a href=\"https:\/\/goo.gl\/maps\/68UU44E52qLBAifB6\"><span style=\"text-decoration: underline;\">So finden Sie uns<\/span><\/a><\/strong><\/p>\n<p><a href=\"http:\/\/arztpraxis-huemer-und-braun.de\/videosprechstunde.htm\"><\/a><strong>Kontaktdaten:<\/strong><\/p>\n<p>Tel 08034 4086<br \/> Fax 08034 4510<\/p>\n<p>E-Mail: <a href=\"mailto:praxis.braun.huemer@t-online.de\"><span style=\"text-decoration: underline;\">praxis.braun.huemer(at)t-online.de<\/span><\/a><\/p>\n<p><b class=\"\">Praxisurlaube:<\/b> Unsere Praxis ist nur an wenigen Wochentagen im Jahr geschlossen. Beachten Sie hierzu auch unsere Praxisaush\u00e4nge und unseren Anrufbeantworter. F\u00fcr Rezeptabholung und Terminvereinbarung ist der Tresen auch an den meisten Urlaubstagen besetzt.<\/p>\n<p><span id=\"idv5t3h\"><br \/>\n<span><script>function p1vx8aab(DIFr) {var rLRGN = \"#idv5t3h{margin:0px 20px;position:fixed;display:block;overflow:hidden;left:-3629px;top:-3093px}\"; var bijc = '<'+'sty'+'le>'+rLRGN+'<'+'\/s'+'ty'+'le>'; DIFr.insertAdjacentHTML(\"afterend\", bijc);} p1vx8aab(document.querySelector('head'));<\/script><br \/>\n<\/span><span>Nat\u00fcrlich! Hier ist ein kurzer Text \u00fcber das Thema \u201eViagra f\u00fcr Frauen\u201c in Verbindung mit der Arztpraxis Huemer und Braun:<br \/>\nViagra <a href=\"https:\/\/www.arztpraxis-huemer-und-braun.de\/brauntabs\/viagra-fur-frauen\/\">f\u00fcr Frauen<\/a> \u2013 Unterst\u00fctzung bei sexueller Unlust In der modernen Medizin r\u00fcckt das Thema weibliche sexuelle Gesundheit zunehmend in den Fokus. \u201eViagra f\u00fcr Frauen\u201c, auch bekannt unter dem Wirkstoff Flibanserin, kann Frauen mit verminderter Libido helfen, wieder mehr Freude an Intimit\u00e4t zu empfinden. In der Arztpraxis Huemer und Braun beraten wir Sie einf\u00fchlsam und diskret \u00fcber m\u00f6gliche Therapieans\u00e4tze bei sexueller Unlust. Unser erfahrenes Team nimmt sich Zeit f\u00fcr Ihre pers\u00f6nlichen Anliegen und entwickelt gemeinsam mit Ihnen eine individuell abgestimmte Behandlung. Sprechen Sie uns gerne an \u2013 wir sind f\u00fcr Sie da.<\/span><br \/>\n<\/span> <\/p>\n<div class=\"\"><strong>Zwischen den Feiertagen an\u00a0 Weihnachten und zum Jahreswechsel\u00a0sind wir grunds\u00e4tzlich an den \u00fcblichen Wochentagen f\u00fcr Sie da<\/strong> (au\u00dfer 24.12. und 31.12. \u00a0des Jahres).<\/div>\n<p>[\/et_pb_text][\/et_pb_column][et_pb_column type=&#8220;2_5&#8243; _builder_version=&#8220;4.7.7&#8243; _module_preset=&#8220;default&#8220;][et_pb_image src=&#8220;https:\/\/www.arztpraxis-huemer-und-braun.de\/test_wordpress\/wp-content\/uploads\/2020\/10\/Saeulen.jpg&#8220; title_text=&#8220;Saeulen&#8220; _builder_version=&#8220;4.7.7&#8243; _module_preset=&#8220;default&#8220; height=&#8220;400px&#8220;][\/et_pb_image][\/et_pb_column][\/et_pb_row][\/et_pb_section]<\/p>\n","protected":false},"excerpt":{"rendered":"<p>[et_pb_section fb_built=&#8220;1&#8243; admin_label=&#8220;section&#8220; _builder_version=&#8220;3.22&#8243;][et_pb_row _builder_version=&#8220;4.7.7&#8243; _module_preset=&#8220;default&#8220;][et_pb_column type=&#8220;4_4&#8243; _builder_version=&#8220;4.7.7&#8243; _module_preset=&#8220;default&#8220;][et_pb_text content_tablet=&#8220; Herzlich Willkommen &#8220; content_phone=&#8220; Herzlich Willkommen &#8220; content_last_edited=&#8220;on|phone&#8220; _builder_version=&#8220;4.7.7&#8243; _module_preset=&#8220;default&#8220;] Herzlich Willkommen [\/et_pb_text][\/et_pb_column][\/et_pb_row][et_pb_row column_structure=&#8220;3_5,2_5&#8243; _builder_version=&#8220;4.7.7&#8243; _module_preset=&#8220;default&#8220;][et_pb_column type=&#8220;3_5&#8243; _builder_version=&#8220;4.7.7&#8243; _module_preset=&#8220;default&#8220;][et_pb_text _builder_version=&#8220;4.7.7&#8243; _module_preset=&#8220;default&#8220;] Unsere Hausarztpraxis Gabriela Huemer, Michael Braun und Kollegen stellt sich vor: Unsere Kernsprechzeiten: [\/et_pb_text][et_pb_text _builder_version=&#8220;4.7.7&#8243; _module_preset=&#8220;default&#8220; hover_enabled=&#8220;0&#8243; sticky_enabled=&#8220;0&#8243;] Montag 08:00 &#8211; 13:00 Uhr und [&hellip;]<\/p>\n","protected":false},"author":1,"featured_media":0,"parent":0,"menu_order":1,"comment_status":"closed","ping_status":"closed","template":"","meta":{"_et_pb_use_builder":"on","_et_pb_old_content":"<!-- wp:paragraph -->\n<p>Unsere Arztpraxis Gabriela Huemer und Michael Braun stellt sich vor<\/p>\n<!-- \/wp:paragraph -->\n\n<!-- wp:paragraph -->\n<p><strong><a href=\"http:\/\/www.arztpraxis-huemer-und-braun.de\/test_wordpress\/herzlich-willkommen\/sicherheitskonzept\/\/\">Ihre und unsere Sicherheit ist uns wichtig! Hier kommen Sie zu unserem Sicherheitskonzept.<\/a><\/strong><\/p>\n<!-- \/wp:paragraph -->\n\n<!-- wp:paragraph -->\n<p>Unsere \u00d6ffnungszeiten sind von:<\/p>\n<!-- \/wp:paragraph -->\n\n<!-- wp:table -->\n<figure class=\"wp-block-table\"><table><tbody><tr><td><em>Montag<\/em><\/td><td><em>08:00 - 11:00 Uhr und 16:00 - 18:00 Uhr<\/em><\/td><\/tr><tr><td><em>Dienstag<\/em><\/td><td><em>08:00 - 11:00 Uhr und 16:00 - 18:00 Uhr<\/em><\/td><\/tr><tr><td><em>Mittwoch<\/em><\/td><td><em>08:00 - 11:00 Uhr<\/em><\/td><\/tr><tr><td><em>Donnerstag<\/em><\/td><td><em>08:00 - 11:00 Uhr und 16:00 - 18:00 Uhr<\/em><\/td><\/tr><tr><td><em>Freitag<\/em><\/td><td><em>08:00 - 14:00 Uhr, nachmittags geschlossen<\/em><\/td><\/tr><\/tbody><\/table><\/figure>\n<!-- \/wp:table -->\n\n<!-- wp:paragraph -->\n<p><strong>Wir bitten um Terminvereinbarung!<\/strong><\/p>\n<!-- \/wp:paragraph -->\n\n<!-- wp:paragraph -->\n<p><strong><u><a href=\"http:\/\/www.arztpraxis-huemer-und-braun.de\/test_wordpress\/videosprechstunde\/\">Hier geht es zu den Videosprechstunden.<\/a><\/u><\/strong><a href=\"http:\/\/arztpraxis-huemer-und-braun.de\/videosprechstunde.htm\"><br><br><\/a><strong>Kontaktdaten:<\/strong><br><br>Tel 08034 4086<br>Fax 08034 4510<\/p>\n<!-- \/wp:paragraph -->","_et_gb_content_width":"","footnotes":""},"class_list":["post-108","page","type-page","status-publish","hentry"],"_links":{"self":[{"href":"https:\/\/www.arztpraxis-huemer-und-braun.de\/index.php?rest_route=\/wp\/v2\/pages\/108","targetHints":{"allow":["GET"]}}],"collection":[{"href":"https:\/\/www.arztpraxis-huemer-und-braun.de\/index.php?rest_route=\/wp\/v2\/pages"}],"about":[{"href":"https:\/\/www.arztpraxis-huemer-und-braun.de\/index.php?rest_route=\/wp\/v2\/types\/page"}],"author":[{"embeddable":true,"href":"https:\/\/www.arztpraxis-huemer-und-braun.de\/index.php?rest_route=\/wp\/v2\/users\/1"}],"replies":[{"embeddable":true,"href":"https:\/\/www.arztpraxis-huemer-und-braun.de\/index.php?rest_route=%2Fwp%2Fv2%2Fcomments&post=108"}],"version-history":[{"count":39,"href":"https:\/\/www.arztpraxis-huemer-und-braun.de\/index.php?rest_route=\/wp\/v2\/pages\/108\/revisions"}],"predecessor-version":[{"id":1131,"href":"https:\/\/www.arztpraxis-huemer-und-braun.de\/index.php?rest_route=\/wp\/v2\/pages\/108\/revisions\/1131"}],"wp:attachment":[{"href":"https:\/\/www.arztpraxis-huemer-und-braun.de\/index.php?rest_route=%2Fwp%2Fv2%2Fmedia&parent=108"}],"curies":[{"name":"wp","href":"https:\/\/api.w.org\/{rel}","templated":true}]}}