{"id":200,"date":"2020-10-31T05:09:00","date_gmt":"2020-10-31T05:09:00","guid":{"rendered":"http:\/\/www.arztpraxis-huemer-und-braun.de\/test_wordpress\/?page_id=200"},"modified":"2021-02-04T19:19:29","modified_gmt":"2021-02-04T19:19:29","slug":"gesundheits-check-up","status":"publish","type":"page","link":"https:\/\/www.arztpraxis-huemer-und-braun.de\/?page_id=200","title":{"rendered":"Gesundheits-Check-up"},"content":{"rendered":"[et_pb_section fb_built=&#8220;1&#8243; admin_label=&#8220;section&#8220; _builder_version=&#8220;3.22&#8243;][et_pb_row admin_label=&#8220;row&#8220; _builder_version=&#8220;3.25&#8243; background_size=&#8220;initial&#8220; background_position=&#8220;top_left&#8220; background_repeat=&#8220;repeat&#8220;][et_pb_column type=&#8220;4_4&#8243; _builder_version=&#8220;3.25&#8243; custom_padding=&#8220;|||&#8220; custom_padding__hover=&#8220;|||&#8220;][et_pb_text _builder_version=&#8220;4.7.7&#8243; _module_preset=&#8220;default&#8220;]<p><a href=\"https:\/\/www.arztpraxis-huemer-und-braun.de\/?page_id=59\">Zur\u00fcck zum Leistungsspektrum<\/a><\/p>\n[\/et_pb_text][et_pb_text content_tablet=&#8220;<h2>Gesundheits-Check-Up<\/h2>\n&#8220; content_phone=&#8220;<h2>Gesundheits-Check-Up<\/h2>\n&#8220; content_last_edited=&#8220;on|desktop&#8220; _builder_version=&#8220;4.7.7&#8243; _module_preset=&#8220;default&#8220;]<h1>Gesundheits-Check-Up<\/h1>[\/et_pb_text][et_pb_text _builder_version=&#8220;4.7.7&#8243; _module_preset=&#8220;default&#8220;]<h5><strong><em><u>Gesundheits-Check-up und erweiterter Gesundheitscheck<\/u><\/em><\/strong><\/h5>\n<p><strong>Die gesetzlichen Krankenkassen gew\u00e4hren alle 3 Jahre einen Gesundheits-Check-up ab dem 35. Lebensjahr.<\/strong><\/p>\n<p>Sie umfasst eine Basis-Blutuntersuchung auf Zucker und Cholesterin, einen Urintest, eine \u00e4rztliche Untersuchung des ganzen K\u00f6rpers und ein Beratungsgespr\u00e4ch.<\/p>\n<p>F\u00fcr M\u00e4nner ab 45 f\u00fchren wir die j\u00e4hrliche\u00a0<strong>Krebs-Vorsorge-Untersuchung<\/strong>\u00a0durch.<\/p>\n<p>Hautkrebsscreening: auch hier bieten wir Ihnen eine durch Schulungen qualitativ hochwertige Vorsorgeuntersuchung an. Ab 35 wird sie von den gesetzlichen Kassen \u00fcbernommen, bitte sprechen Sie uns an.<\/p>\n<p>Dar\u00fcber hinaus bieten wir Ihnen kosteng\u00fcnstig durch unser Labor einen\u00a0<strong>erweiterten Labor-Gesundheits-Check-up<\/strong>\u00a0mit erg\u00e4nzenden Laboruntersuchungsma\u00dfnahmen an.<\/p>\n<p><strong>Erweiterter Gesundheits-Check-up:<\/strong><\/p>\n<p>Ausserhalb der gesetzlichen Vorsorgeuntersuchungen bieten wir Ihnen mit dem erweiterten Gesundheits-Check-up als individuelle Gesundheitsleistung ( Selbstzahlungsbereich ) zus\u00e4tzlich sinnvolle Vorsorge-Ma\u00dfnahmen an:<\/p>\n<ul>\n<li>Gesundheits-Checkup schon nach einem Jahr<\/li>\n<li>EKG als Vorsorge-Ma\u00dfnahme<\/li>\n<li>Bestimmung Ihres genauen Herzinfarkt- und Schlaganfallrisikos<\/li>\n<li>Lungenfunktionspr\u00fcfung z.B. f\u00fcr Raucher<\/li>\n<li>Durchblutungsmessung in den Beinen<\/li>\n<li>Weitere Blutuntersuchungen z.B. zur Beurteilung von\n<ul>\n<li>Leber<\/li>\n<li>Niere<\/li>\n<li>Bauchspeicheldr\u00fcse<\/li>\n<li>Schilddr\u00fcse<\/li>\n<li>Bluteiwei\u00dfen<\/li>\n<li>Entz\u00fcndungszeichen<\/li>\n<li>Eisen-Haushalt<\/li>\n<\/ul>\n<\/li>\n<li>spezielle Blutuntersuchungen z.B.\n<ul>\n<li>PSA zur Erkennung von Prostata-Ver\u00e4nderungen<\/li>\n<li>AIDS-Test<\/li>\n<li>Hormonbestimmungen<\/li>\n<li>Zusatztest bei erh\u00f6htem Arteriosklerose-Risiko<\/li>\n<li>Rheuma-Risiko-Bestimmung (CCP-AK)<\/li>\n<\/ul>\n<\/li>\n<li>Darmkrebs-Fr\u00fcherkennung mittels immunologischer Stuhl-Untersuchung Darmflorastatus, Pilzdiagnostik<\/li>\n<li>Lebensmittelallergietest und Test auf Lebensmittel-Unvertr\u00e4glichkeiten<\/li>\n<\/ul>\n<p><!-- \/wp:post-content --><\/p>\n<p><!-- wp:list --><\/p>\n<p><!-- \/wp:list --><\/p>\n<p><!-- wp:list --><\/p>[\/et_pb_text][\/et_pb_column][\/et_pb_row][\/et_pb_section]","protected":false},"excerpt":{"rendered":"<p>[et_pb_section fb_built=&#8220;1&#8243; admin_label=&#8220;section&#8220; _builder_version=&#8220;3.22&#8243;][et_pb_row admin_label=&#8220;row&#8220; _builder_version=&#8220;3.25&#8243; background_size=&#8220;initial&#8220; background_position=&#8220;top_left&#8220; background_repeat=&#8220;repeat&#8220;][et_pb_column type=&#8220;4_4&#8243; _builder_version=&#8220;3.25&#8243; custom_padding=&#8220;|||&#8220; custom_padding__hover=&#8220;|||&#8220;][et_pb_text _builder_version=&#8220;4.7.7&#8243; _module_preset=&#8220;default&#8220;] Zur\u00fcck zum Leistungsspektrum [\/et_pb_text][et_pb_text content_tablet=&#8220; Gesundheits-Check-Up &#8220; content_phone=&#8220; Gesundheits-Check-Up &#8220; content_last_edited=&#8220;on|desktop&#8220; _builder_version=&#8220;4.7.7&#8243; _module_preset=&#8220;default&#8220;] Gesundheits-Check-Up [\/et_pb_text][et_pb_text _builder_version=&#8220;4.7.7&#8243; _module_preset=&#8220;default&#8220;] Gesundheits-Check-up und erweiterter Gesundheitscheck Die gesetzlichen Krankenkassen gew\u00e4hren alle 3 Jahre einen Gesundheits-Check-up ab dem 35. Lebensjahr. Sie umfasst eine Basis-Blutuntersuchung auf Zucker [&hellip;]<\/p>\n","protected":false},"author":1,"featured_media":0,"parent":203,"menu_order":47,"comment_status":"closed","ping_status":"closed","template":"","meta":{"_et_pb_use_builder":"on","_et_pb_old_content":"<!-- wp:html -->\n<br>\n<!-- \/wp:html -->\n\n<!-- wp:heading {\"level\":5} -->\n<h5><strong><em><u>Gesundheits-Check-up und erweiterter Gesundheitscheck<\/u><\/em><\/strong><\/h5>\n<!-- \/wp:heading -->\n\n<!-- wp:paragraph -->\n<p><strong>Die gesetzlichen Krankenkassen gew\u00e4hren alle 2 Jahre einen Gesundheits-Check-up ab dem 35. Lebensjahr.<\/strong><\/p>\n<!-- \/wp:paragraph -->\n\n<!-- wp:paragraph -->\n<p>Sie umfasst eine Basis-Blutuntersuchung auf Zucker und Cholesterin, einen Urintest, eine \u00e4rztliche Untersuchung des ganzen K\u00f6rpers und ein Beratungsgespr\u00e4ch.<\/p>\n<!-- \/wp:paragraph -->\n\n<!-- wp:paragraph -->\n<p>F\u00fcr M\u00e4nner ab 45 f\u00fchren wir die j\u00e4hrliche&nbsp;<strong>Krebs-Vorsorge-Untersuchung<\/strong>&nbsp;durch.<\/p>\n<!-- \/wp:paragraph -->\n\n<!-- wp:paragraph -->\n<p>Hautkrebsscreening: auch hier bieten wir Ihnen eine durch Schulungen qualitativ hochwertige Vorsorgeuntersuchung an. Ab 35 wird sie von den gesetzlichen Kassen \u00fcbernommen, bitte sprechen Sie uns an.<\/p>\n<!-- \/wp:paragraph -->\n\n<!-- wp:paragraph -->\n<p>Dar\u00fcber hinaus bieten wir Ihnen kosteng\u00fcnstig durch unser Labor einen&nbsp;<strong>erweiterten Labor-Gesundheits-Check-up<\/strong>&nbsp;mit erg\u00e4nzenden Laboruntersuchungsma\u00dfnahmen an.<\/p>\n<!-- \/wp:paragraph -->\n\n<!-- wp:paragraph -->\n<p><strong>Erweiterter Gesundheits-Check-up:<\/strong><\/p>\n<!-- \/wp:paragraph -->\n\n<!-- wp:paragraph -->\n<p>Ausserhalb der gesetzlichen Vorsorgeuntersuchungen bieten wir Ihnen mit dem erweiterten Gesundheits-Check-up als individuelle Gesundheitsleistung ( Selbstzahlungsbereich ) zus\u00e4tzlich sinnvolle Vorsorge-Ma\u00dfnahmen an:<\/p>\n<!-- \/wp:paragraph -->\n\n<!-- wp:list -->\n<ul><li>Gesundheits-Checkup schon nach einem Jahr<\/li><li>EKG als Vorsorge-Ma\u00dfnahme<\/li><li>Bestimmung Ihres genauen Herzinfarkt- und Schlaganfallrisikos<\/li><li>Lungenfunktionspr\u00fcfung z.B. f\u00fcr Raucher<\/li><li>Durchblutungsmessung in den Beinen<\/li><li>Weitere Blutuntersuchungen z.B. zur Beurteilung von<ul><li>Leber<\/li><li>Niere<\/li><li>Bauchspeicheldr\u00fcse<\/li><li>Schilddr\u00fcse<\/li><li>Bluteiwei\u00dfen<\/li><li>Entz\u00fcndungszeichen<\/li><li>Eisen-Haushalt<\/li><\/ul><\/li><\/ul>\n<!-- \/wp:list -->\n\n<!-- wp:list -->\n<ul><li>spezielle Blutuntersuchungen z.B.<ul><li>PSA zur Erkennung von Prostata-Ver\u00e4nderungen<\/li><li>AIDS-Test<\/li><li>Hormonbestimmungen<\/li><li>Zusatztest bei erh\u00f6htem Arteriosklerose-Risiko<\/li><li>Rheuma-Risiko-Bestimmung (CCP-AK)<\/li><\/ul><\/li><\/ul>\n<!-- \/wp:list -->\n\n<!-- wp:list -->\n<ul><li>Darmkrebs-Fr\u00fcherkennung mittels immunologischer Stuhl-Untersuchung Darmflorastatus, Pilzdiagnostik<\/li><li>Lebensmittelallergietest und Test auf Lebensmittel-Unvertr\u00e4glichkeiten<\/li><\/ul>\n<!-- \/wp:list -->\n\n<!-- wp:html -->\n<br><br><br>\n<!-- \/wp:html -->","_et_gb_content_width":"","footnotes":""},"class_list":["post-200","page","type-page","status-publish","hentry"],"_links":{"self":[{"href":"https:\/\/www.arztpraxis-huemer-und-braun.de\/index.php?rest_route=\/wp\/v2\/pages\/200","targetHints":{"allow":["GET"]}}],"collection":[{"href":"https:\/\/www.arztpraxis-huemer-und-braun.de\/index.php?rest_route=\/wp\/v2\/pages"}],"about":[{"href":"https:\/\/www.arztpraxis-huemer-und-braun.de\/index.php?rest_route=\/wp\/v2\/types\/page"}],"author":[{"embeddable":true,"href":"https:\/\/www.arztpraxis-huemer-und-braun.de\/index.php?rest_route=\/wp\/v2\/users\/1"}],"replies":[{"embeddable":true,"href":"https:\/\/www.arztpraxis-huemer-und-braun.de\/index.php?rest_route=%2Fwp%2Fv2%2Fcomments&post=200"}],"version-history":[{"count":9,"href":"https:\/\/www.arztpraxis-huemer-und-braun.de\/index.php?rest_route=\/wp\/v2\/pages\/200\/revisions"}],"predecessor-version":[{"id":863,"href":"https:\/\/www.arztpraxis-huemer-und-braun.de\/index.php?rest_route=\/wp\/v2\/pages\/200\/revisions\/863"}],"up":[{"embeddable":true,"href":"https:\/\/www.arztpraxis-huemer-und-braun.de\/index.php?rest_route=\/wp\/v2\/pages\/203"}],"wp:attachment":[{"href":"https:\/\/www.arztpraxis-huemer-und-braun.de\/index.php?rest_route=%2Fwp%2Fv2%2Fmedia&parent=200"}],"curies":[{"name":"wp","href":"https:\/\/api.w.org\/{rel}","templated":true}]}}