{"id":213,"date":"2020-10-31T05:10:03","date_gmt":"2020-10-31T05:10:03","guid":{"rendered":"http:\/\/www.arztpraxis-huemer-und-braun.de\/test_wordpress\/?page_id=213"},"modified":"2021-02-04T19:21:33","modified_gmt":"2021-02-04T19:21:33","slug":"naturheilverfahren-und-homoeopathie","status":"publish","type":"page","link":"https:\/\/www.arztpraxis-huemer-und-braun.de\/?page_id=213","title":{"rendered":"Naturheilverfahren und Hom\u00f6opathie"},"content":{"rendered":"[et_pb_section fb_built=&#8220;1&#8243; admin_label=&#8220;section&#8220; _builder_version=&#8220;3.22&#8243;][et_pb_row _builder_version=&#8220;4.7.7&#8243; _module_preset=&#8220;default&#8220;][et_pb_column type=&#8220;4_4&#8243; _builder_version=&#8220;4.7.7&#8243; _module_preset=&#8220;default&#8220;][et_pb_text _builder_version=&#8220;4.7.7&#8243; _module_preset=&#8220;default&#8220; hover_enabled=&#8220;0&#8243; sticky_enabled=&#8220;0&#8243;]<p><a href=\"https:\/\/www.arztpraxis-huemer-und-braun.de\/?page_id=59\">Zur\u00fcck zum Leistungsspektrum<\/a><\/p>\n[\/et_pb_text][et_pb_text content_tablet=&#8220;<h1 class=%22entry-title main_title%22>NATURHEILVERFAHREN UND HOM\u00d6OPATHIE<\/h1>\n&#8220; content_phone=&#8220;<h2 class=%22entry-title main_title%22>NATURHEILVERFAHREN UND HOM\u00d6OPATHIE<\/h2>\n&#8220; content_last_edited=&#8220;on|phone&#8220; _builder_version=&#8220;4.7.7&#8243; _module_preset=&#8220;default&#8220; hover_enabled=&#8220;0&#8243; sticky_enabled=&#8220;0&#8243;]<h1 class=\"entry-title main_title\">NATURHEILVERFAHREN UND HOM\u00d6OPATHIE<\/h1>[\/et_pb_text][et_pb_text admin_label=&#8220;Text&#8220; _builder_version=&#8220;4.7.7&#8243; background_size=&#8220;initial&#8220; background_position=&#8220;top_left&#8220; background_repeat=&#8220;repeat&#8220;]<p>Als\u00a0<strong>Facharzt f\u00fcr Allgemeinmedizin, Facharzt f\u00fcr Innere Medizin und Hom\u00f6opathiezusatzbezeichung und als praktische \u00c4rztin mit Schwerpunkt TCM, Akupunktur und Hom\u00f6opathie<\/strong>\u00a0betreuen wir unsere Patienten stets unter Einbeziehung sanfter Therapieverfahren, der westlichen und \u00f6stlichen Naturheilverfahren, der TCM und der Ern\u00e4hrungstherapie. Denn viele Erkrankungen lassen sich mit naturheilkundlichen Mitteln nebenwirkungsarm behandeln. Wir bieten eine umfassende Therapie mit pflanzlichen Stoffen, sogenannten\u00a0<strong>Phyto-Pharmaka<\/strong>, an. Auf dem Gebiet der klassischen\u00a0<strong>Hom\u00f6opathie<\/strong>\u00a0setzen wir als Basistherapeutika Einzelmittel aber auch bei Bedarf Komplexmittel ein.<\/p>\n<p>Als verantwortungsvolle \u00c4rzte sehen wir aber auch die Vorteile, Notwendigkeiten und M\u00f6glichkeiten der Schulmedizin, so dass wir in jedem Fall individuell unter Abw\u00e4gung beider Bereiche bei Bedarf komplement\u00e4r (NHV und Schulmedizin nebeneinander erg\u00e4nzend)und wo es sinnvoll ist alternativ (anstelle der schulmedizinischen Angebote) behandeln werden.<\/p>\n<p><\/p>\n<p><\/p>[\/et_pb_text][\/et_pb_column][\/et_pb_row][\/et_pb_section]","protected":false},"excerpt":{"rendered":"<p>[et_pb_section fb_built=&#8220;1&#8243; admin_label=&#8220;section&#8220; _builder_version=&#8220;3.22&#8243;][et_pb_row _builder_version=&#8220;4.7.7&#8243; _module_preset=&#8220;default&#8220;][et_pb_column type=&#8220;4_4&#8243; _builder_version=&#8220;4.7.7&#8243; _module_preset=&#8220;default&#8220;][et_pb_text _builder_version=&#8220;4.7.7&#8243; _module_preset=&#8220;default&#8220; hover_enabled=&#8220;0&#8243; sticky_enabled=&#8220;0&#8243;] Zur\u00fcck zum Leistungsspektrum [\/et_pb_text][et_pb_text content_tablet=&#8220; NATURHEILVERFAHREN UND HOM\u00d6OPATHIE &#8220; content_phone=&#8220; NATURHEILVERFAHREN UND HOM\u00d6OPATHIE &#8220; content_last_edited=&#8220;on|phone&#8220; _builder_version=&#8220;4.7.7&#8243; _module_preset=&#8220;default&#8220; hover_enabled=&#8220;0&#8243; sticky_enabled=&#8220;0&#8243;] NATURHEILVERFAHREN UND HOM\u00d6OPATHIE [\/et_pb_text][et_pb_text admin_label=&#8220;Text&#8220; _builder_version=&#8220;4.7.7&#8243; background_size=&#8220;initial&#8220; background_position=&#8220;top_left&#8220; background_repeat=&#8220;repeat&#8220;] Als\u00a0Facharzt f\u00fcr Allgemeinmedizin, Facharzt f\u00fcr Innere Medizin und Hom\u00f6opathiezusatzbezeichung und als praktische \u00c4rztin mit [&hellip;]<\/p>\n","protected":false},"author":1,"featured_media":0,"parent":59,"menu_order":48,"comment_status":"closed","ping_status":"closed","template":"","meta":{"_et_pb_use_builder":"on","_et_pb_old_content":"<!-- wp:paragraph -->\n<p>Als&nbsp;<strong>Facharzt f\u00fcr Allgemeinmedizin, Facharzt f\u00fcr Innere Medizin und Hom\u00f6opathiezusatzbezeichung und als praktische \u00c4rztin mit Schwerpunkt TCM, Akupunktur und Hom\u00f6opathie<\/strong>&nbsp;betreuen wir unsere Patienten stets unter Einbeziehung sanfter Therapieverfahren, der westlichen und \u00f6stlichen Naturheilverfahren, der TCM und der Ern\u00e4hrungstherapie. Denn viele Erkrankungen lassen sich mit naturheilkundlichen Mitteln nebenwirkungsarm behandeln. Wir bieten eine umfassende Therapie mit pflanzlichen Stoffen, sogenannten&nbsp;<strong>Phyto-Pharmaka<\/strong>, an. Auf dem Gebiet der klassischen&nbsp;<strong>Hom\u00f6opathie<\/strong>&nbsp;setzen wir als Basistherapeutika Einzelmittel aber auch bei Bedarf Komplexmittel ein.<\/p>\n<!-- \/wp:paragraph -->\n\n<!-- wp:paragraph -->\n<p>Als verantwortungsvolle \u00c4rzte sehen wir aber auch die Vorteile, Notwendigkeiten und M\u00f6glichkeiten der Schulmedizin, so dass wir in jedem Fall individuell unter Abw\u00e4gung beider Bereiche bei Bedarf komplement\u00e4r (NHV und Schulmedizin nebeneinander erg\u00e4nzend)und wo es sinnvoll ist alternativ (anstelle der schulmedizinischen Angebote) behandeln werden.<\/p>\n<!-- \/wp:paragraph -->","_et_gb_content_width":"","footnotes":""},"class_list":["post-213","page","type-page","status-publish","hentry"],"_links":{"self":[{"href":"https:\/\/www.arztpraxis-huemer-und-braun.de\/index.php?rest_route=\/wp\/v2\/pages\/213","targetHints":{"allow":["GET"]}}],"collection":[{"href":"https:\/\/www.arztpraxis-huemer-und-braun.de\/index.php?rest_route=\/wp\/v2\/pages"}],"about":[{"href":"https:\/\/www.arztpraxis-huemer-und-braun.de\/index.php?rest_route=\/wp\/v2\/types\/page"}],"author":[{"embeddable":true,"href":"https:\/\/www.arztpraxis-huemer-und-braun.de\/index.php?rest_route=\/wp\/v2\/users\/1"}],"replies":[{"embeddable":true,"href":"https:\/\/www.arztpraxis-huemer-und-braun.de\/index.php?rest_route=%2Fwp%2Fv2%2Fcomments&post=213"}],"version-history":[{"count":6,"href":"https:\/\/www.arztpraxis-huemer-und-braun.de\/index.php?rest_route=\/wp\/v2\/pages\/213\/revisions"}],"predecessor-version":[{"id":866,"href":"https:\/\/www.arztpraxis-huemer-und-braun.de\/index.php?rest_route=\/wp\/v2\/pages\/213\/revisions\/866"}],"up":[{"embeddable":true,"href":"https:\/\/www.arztpraxis-huemer-und-braun.de\/index.php?rest_route=\/wp\/v2\/pages\/59"}],"wp:attachment":[{"href":"https:\/\/www.arztpraxis-huemer-und-braun.de\/index.php?rest_route=%2Fwp%2Fv2%2Fmedia&parent=213"}],"curies":[{"name":"wp","href":"https:\/\/api.w.org\/{rel}","templated":true}]}}