{"id":225,"date":"2020-10-31T05:07:34","date_gmt":"2020-10-31T05:07:34","guid":{"rendered":"http:\/\/www.arztpraxis-huemer-und-braun.de\/test_wordpress\/?page_id=225"},"modified":"2021-02-04T19:25:52","modified_gmt":"2021-02-04T19:25:52","slug":"immunstaerkung","status":"publish","type":"page","link":"https:\/\/www.arztpraxis-huemer-und-braun.de\/?page_id=225","title":{"rendered":"Immunst\u00e4rkung"},"content":{"rendered":"<p>[et_pb_section fb_built=&#8220;1&#8243; admin_label=&#8220;section&#8220; _builder_version=&#8220;3.22&#8243;][et_pb_row _builder_version=&#8220;4.7.7&#8243; _module_preset=&#8220;default&#8220;][et_pb_column type=&#8220;4_4&#8243; _builder_version=&#8220;4.7.7&#8243; _module_preset=&#8220;default&#8220;][et_pb_text _builder_version=&#8220;4.7.7&#8243; _module_preset=&#8220;default&#8220; hover_enabled=&#8220;0&#8243; sticky_enabled=&#8220;0&#8243;]<\/p>\n<p><a href=\"https:\/\/www.arztpraxis-huemer-und-braun.de\/?page_id=59\">Zur\u00fcck zum Leistungsspektrum<\/a><\/p>\n<p>[\/et_pb_text][et_pb_text content_tablet=&#8220;<\/p>\n<h1>IMMUNST\u00c4RKUNG<\/h1>\n<p>&#8220; content_phone=&#8220;<\/p>\n<h2>Immunst\u00e4rkung<\/h2>\n<p>&#8220; content_last_edited=&#8220;on|phone&#8220; _builder_version=&#8220;4.7.7&#8243; _module_preset=&#8220;default&#8220;]<\/p>\n<h1>Immunst\u00e4rkung<\/h1>\n<p>[\/et_pb_text][et_pb_text _builder_version=&#8220;4.7.7&#8243; _module_preset=&#8220;default&#8220;]<\/p>\n<p><strong>Therapiema\u00dfnahmen zur St\u00e4rkung des Immunsystems<\/strong><\/p>\n<p><strong>Wann ist die biologische St\u00e4rkung und Unterst\u00fctzung des Immunsystems f\u00fcr Sie wichtig?<\/strong><\/p>\n<ul>\n<li>bei starkem k\u00f6rperlichen oder seelischen Stress<\/li>\n<li>Ersch\u00f6pfung mit geh\u00e4uft auftretenden Infekten<\/li>\n<li>h\u00e4ufigen Entz\u00fcndungen und Infekten durch Viren oder Bakterien<\/li>\n<li>zur Unterst\u00fctzung gegen Allergien<\/li>\n<li>nach Chemotherapie, schweren Operationen und nach Bestrahlung<\/li>\n<li>bei Tumorerkrankungen<\/li>\n<li>bei chronischen Infekten ( chronische Nebenh\u00f6hlenentz\u00fcndung )<\/li>\n<li>nach bestimmten Erkrankungen ( z. B. Mononukleoseinfekt, Influenza usw)<\/li>\n<\/ul>\n<p>Vorgehensweise: Wir versuchen in Gespr\u00e4ch und durch Untersuchungen die Ursachen abzukl\u00e4ren. Je nach Ergebnis k\u00f6nnten dann folgende Therapien zum Einsatz kommen:<\/p>\n<ul>\n<li>Infusionen mit Mineralien, Spurenelementen und oder Vitaminen<\/li>\n<li>EigenBlut-Behandlungen mit oder ohne hom\u00f6opathische Zus\u00e4tzen<\/li>\n<li>Spritzen mit Immunst\u00e4rkenden Vitaminen<\/li>\n<li>westliche oder chinesische pflanzliche Arzneitherapie<\/li>\n<li>Akupunktur<\/li>\n<li>Entspannungsverfahren, Ern\u00e4hrungsumstellung\u2026\u2026<\/li>\n<\/ul>\n<p>\u2026\u2026\u2026\u2026\u2026\u2026\u2026sprechen Sie uns an!!<\/p>\n<p>[\/et_pb_text][\/et_pb_column][\/et_pb_row][\/et_pb_section]<\/p>\n","protected":false},"excerpt":{"rendered":"<p>[et_pb_section fb_built=&#8220;1&#8243; admin_label=&#8220;section&#8220; _builder_version=&#8220;3.22&#8243;][et_pb_row _builder_version=&#8220;4.7.7&#8243; _module_preset=&#8220;default&#8220;][et_pb_column type=&#8220;4_4&#8243; _builder_version=&#8220;4.7.7&#8243; _module_preset=&#8220;default&#8220;][et_pb_text _builder_version=&#8220;4.7.7&#8243; _module_preset=&#8220;default&#8220; hover_enabled=&#8220;0&#8243; sticky_enabled=&#8220;0&#8243;] Zur\u00fcck zum Leistungsspektrum [\/et_pb_text][et_pb_text content_tablet=&#8220; IMMUNST\u00c4RKUNG &#8220; content_phone=&#8220; Immunst\u00e4rkung &#8220; content_last_edited=&#8220;on|phone&#8220; _builder_version=&#8220;4.7.7&#8243; _module_preset=&#8220;default&#8220;] Immunst\u00e4rkung [\/et_pb_text][et_pb_text _builder_version=&#8220;4.7.7&#8243; _module_preset=&#8220;default&#8220;] Therapiema\u00dfnahmen zur St\u00e4rkung des Immunsystems Wann ist die biologische St\u00e4rkung und Unterst\u00fctzung des Immunsystems f\u00fcr Sie wichtig? bei starkem k\u00f6rperlichen oder seelischen Stress Ersch\u00f6pfung mit [&hellip;]<\/p>\n","protected":false},"author":1,"featured_media":0,"parent":59,"menu_order":46,"comment_status":"closed","ping_status":"closed","template":"","meta":{"_et_pb_use_builder":"on","_et_pb_old_content":"<!-- wp:paragraph -->\n<p><strong>Therapiema\u00dfnahmen zur St\u00e4rkung des Immunsystems<\/strong><\/p>\n<!-- \/wp:paragraph -->\n\n<!-- wp:paragraph -->\n<p><strong>Wann ist die biologische St\u00e4rkung und Unterst\u00fctzung des Immunsystems f\u00fcr Sie wichtig?<\/strong><\/p>\n<!-- \/wp:paragraph -->\n\n<!-- wp:list -->\n<ul><li>bei starkem k\u00f6rperlichen oder seelischen Stress<\/li><li>Ersch\u00f6pfung mit geh\u00e4uft auftretenden Infekten<\/li><li>h\u00e4ufigen Entz\u00fcndungen und Infekten durch Viren oder Bakterien<\/li><li>zur Unterst\u00fctzung gegen Allergien<\/li><li>nach Chemotherapie, schweren Operationen und nach Bestrahlung<\/li><li>bei Tumorerkrankungen<\/li><li>bei chronischen Infekten ( chronische Nebenh\u00f6hlenentz\u00fcndung )<\/li><li>nach bestimmten Erkrankungen ( z. B. Mononukleoseinfekt, Influenza usw)<\/li><\/ul>\n<!-- \/wp:list -->\n\n<!-- wp:html -->\n<br>\n<!-- \/wp:html -->\n\n<!-- wp:paragraph -->\n<p>Vorgehensweise: Wir versuchen in Gespr\u00e4ch und durch Untersuchungen die Ursachen abzukl\u00e4ren. Je nach Ergebnis k\u00f6nnten dann folgende Therapien zum Einsatz kommen:<\/p>\n<!-- \/wp:paragraph -->\n\n<!-- wp:list -->\n<ul><li>Infusionen mit Mineralien, Spurenelementen und oder Vitaminen<\/li><li>EigenBlut-Behandlungen mit oder ohne hom\u00f6opathische Zus\u00e4tzen<\/li><li>Spritzen mit Immunst\u00e4rkenden Vitaminen<\/li><li>westliche oder chinesische pflanzliche Arzneitherapie<\/li><li>Akupunktur<\/li><li>Entspannungsverfahren, Ern\u00e4hrungsumstellung\u2026\u2026<\/li><\/ul>\n<!-- \/wp:list -->\n\n<!-- wp:html -->\n<br>\n<!-- \/wp:html -->\n\n<!-- wp:paragraph -->\n<p>\u2026\u2026\u2026\u2026\u2026\u2026\u2026sprechen Sie uns an!!<\/p>\n<!-- \/wp:paragraph -->","_et_gb_content_width":"","footnotes":""},"class_list":["post-225","page","type-page","status-publish","hentry"],"_links":{"self":[{"href":"https:\/\/www.arztpraxis-huemer-und-braun.de\/index.php?rest_route=\/wp\/v2\/pages\/225","targetHints":{"allow":["GET"]}}],"collection":[{"href":"https:\/\/www.arztpraxis-huemer-und-braun.de\/index.php?rest_route=\/wp\/v2\/pages"}],"about":[{"href":"https:\/\/www.arztpraxis-huemer-und-braun.de\/index.php?rest_route=\/wp\/v2\/types\/page"}],"author":[{"embeddable":true,"href":"https:\/\/www.arztpraxis-huemer-und-braun.de\/index.php?rest_route=\/wp\/v2\/users\/1"}],"replies":[{"embeddable":true,"href":"https:\/\/www.arztpraxis-huemer-und-braun.de\/index.php?rest_route=%2Fwp%2Fv2%2Fcomments&post=225"}],"version-history":[{"count":8,"href":"https:\/\/www.arztpraxis-huemer-und-braun.de\/index.php?rest_route=\/wp\/v2\/pages\/225\/revisions"}],"predecessor-version":[{"id":877,"href":"https:\/\/www.arztpraxis-huemer-und-braun.de\/index.php?rest_route=\/wp\/v2\/pages\/225\/revisions\/877"}],"up":[{"embeddable":true,"href":"https:\/\/www.arztpraxis-huemer-und-braun.de\/index.php?rest_route=\/wp\/v2\/pages\/59"}],"wp:attachment":[{"href":"https:\/\/www.arztpraxis-huemer-und-braun.de\/index.php?rest_route=%2Fwp%2Fv2%2Fmedia&parent=225"}],"curies":[{"name":"wp","href":"https:\/\/api.w.org\/{rel}","templated":true}]}}