{"id":521,"date":"2020-10-31T05:12:05","date_gmt":"2020-10-31T05:12:05","guid":{"rendered":"http:\/\/www.arztpraxis-huemer-und-braun.de\/test_wordpress\/?page_id=521"},"modified":"2021-02-04T19:20:37","modified_gmt":"2021-02-04T19:20:37","slug":"sportmedizinische-untersuchung","status":"publish","type":"page","link":"https:\/\/www.arztpraxis-huemer-und-braun.de\/?page_id=521","title":{"rendered":"Sportmedizinische Untersuchung"},"content":{"rendered":"<p>[et_pb_section fb_built=&#8220;1&#8243; _builder_version=&#8220;4.7.7&#8243; _module_preset=&#8220;default&#8220;][et_pb_row _builder_version=&#8220;4.7.7&#8243; _module_preset=&#8220;default&#8220;][et_pb_column type=&#8220;4_4&#8243; _builder_version=&#8220;4.7.7&#8243; _module_preset=&#8220;default&#8220;][et_pb_text _builder_version=&#8220;4.7.7&#8243; _module_preset=&#8220;default&#8220; hover_enabled=&#8220;0&#8243; sticky_enabled=&#8220;0&#8243;]<\/p>\n<p><a href=\"https:\/\/www.arztpraxis-huemer-und-braun.de\/?page_id=59\">Zur\u00fcck zum Leistungsspektrum<\/a><\/p>\n<p>[\/et_pb_text][et_pb_text content_tablet=&#8220;<\/p>\n<h1>SPORTMEDIZINISCHE UNTERSUCHUNG<\/h1>\n<p>&#8220; content_phone=&#8220;<\/p>\n<h2>Sportmedizinische Untersuchung<\/h2>\n<p>&#8220; content_last_edited=&#8220;on|phone&#8220; _builder_version=&#8220;4.7.7&#8243; _module_preset=&#8220;default&#8220;]<\/p>\n<h1>Sportmedizinische Untersuchung<\/h1>\n<p>[\/et_pb_text][et_pb_text _builder_version=&#8220;4.7.7&#8243; _module_preset=&#8220;default&#8220;]<\/p>\n<p><strong>Als Erg\u00e4nzung zur gesetzlichen Vorsorge-Check-ups bieten wir Ihnen eine sportmedizinische Eignungsuntersuchung an. z. B. im Rahmen der Frage: Wie hoch ist meine k\u00f6rperliche Belastungsf\u00e4higkeit? Darf ich tauchen?<\/strong><\/p>\n<p>Diese Untersuchung empfiehlt sich f\u00fcr alle Sporttreibenden, die \u00e4lter als 35 Jahre sind, und f\u00fcr Wiedereinsteiger in den Sport. Auch k\u00f6nnen wir Sie bei der Wahl der richtigen Sportart unterst\u00fctzen.<\/p>\n<p>Sie umfasst<\/p>\n<ul>\n<li>Anamnese inkl. Sportanamnese<\/li>\n<li>K\u00f6rperliche Untersuchung<\/li>\n<li>Ruhe-EKG<\/li>\n<li>je nach Sportart wird auch ein Belastungs EKG gemacht (um Krankheiten des Herzens auszuschliessen, die oft nur unter Belastung sichtbar werden und um Ihre pers\u00f6nliche k\u00f6rperliche Belastbarkeit im Vergleich zu Ihrer Altersgruppe festzustellen)<\/li>\n<li>Urinuntersuchung mittels Teststreifen<\/li>\n<li>Laboruntersuchung (kl. Blutbild, BZ)<\/li>\n<li>Unterst\u00fctzung bei der Wahl der richtigen Sportart (z.B. soll ich lieber Walken, Reiten oder ins Kiesertraining gehen, darf ich Brustschwimmen, welche Sportarten sind f\u00fcr mich nach Bandscheibenvorfall sinnvoll usw)<\/li>\n<li>Sportmedizinische-Beratung (Gesundheitszustand, Tauglichkeit, Trainingsbelastung und \u2013umfang)<\/li>\n<\/ul>\n<p>Die Abrechnung erfolgt nach GO\u00c4 (gesamt ca. 50 -90\u20ac).<\/p>\n<p>Rauchern und Patienten mit Atembeschwerden empfehlen wir zus\u00e4tzlich eine\u00a0<a href=\"https:\/\/www.arztpraxis-huemer-und-braun.de\/test_wordpress\/lungenfunktionstest\/\">Lungenfunktionspr\u00fcfung<\/a>\u00a0mit Registrierung der Fluss-Volumen-Kurve.<\/p>\n<p>[\/et_pb_text][\/et_pb_column][\/et_pb_row][\/et_pb_section]<\/p>\n","protected":false},"excerpt":{"rendered":"<p>[et_pb_section fb_built=&#8220;1&#8243; _builder_version=&#8220;4.7.7&#8243; _module_preset=&#8220;default&#8220;][et_pb_row _builder_version=&#8220;4.7.7&#8243; _module_preset=&#8220;default&#8220;][et_pb_column type=&#8220;4_4&#8243; _builder_version=&#8220;4.7.7&#8243; _module_preset=&#8220;default&#8220;][et_pb_text _builder_version=&#8220;4.7.7&#8243; _module_preset=&#8220;default&#8220; hover_enabled=&#8220;0&#8243; sticky_enabled=&#8220;0&#8243;] Zur\u00fcck zum Leistungsspektrum [\/et_pb_text][et_pb_text content_tablet=&#8220; SPORTMEDIZINISCHE UNTERSUCHUNG &#8220; content_phone=&#8220; Sportmedizinische Untersuchung &#8220; content_last_edited=&#8220;on|phone&#8220; _builder_version=&#8220;4.7.7&#8243; _module_preset=&#8220;default&#8220;] Sportmedizinische Untersuchung [\/et_pb_text][et_pb_text _builder_version=&#8220;4.7.7&#8243; _module_preset=&#8220;default&#8220;] Als Erg\u00e4nzung zur gesetzlichen Vorsorge-Check-ups bieten wir Ihnen eine sportmedizinische Eignungsuntersuchung an. z. B. im Rahmen der Frage: Wie hoch ist meine [&hellip;]<\/p>\n","protected":false},"author":1,"featured_media":0,"parent":59,"menu_order":50,"comment_status":"closed","ping_status":"closed","template":"","meta":{"_et_pb_use_builder":"on","_et_pb_old_content":"","_et_gb_content_width":"","footnotes":""},"class_list":["post-521","page","type-page","status-publish","hentry"],"_links":{"self":[{"href":"https:\/\/www.arztpraxis-huemer-und-braun.de\/index.php?rest_route=\/wp\/v2\/pages\/521","targetHints":{"allow":["GET"]}}],"collection":[{"href":"https:\/\/www.arztpraxis-huemer-und-braun.de\/index.php?rest_route=\/wp\/v2\/pages"}],"about":[{"href":"https:\/\/www.arztpraxis-huemer-und-braun.de\/index.php?rest_route=\/wp\/v2\/types\/page"}],"author":[{"embeddable":true,"href":"https:\/\/www.arztpraxis-huemer-und-braun.de\/index.php?rest_route=\/wp\/v2\/users\/1"}],"replies":[{"embeddable":true,"href":"https:\/\/www.arztpraxis-huemer-und-braun.de\/index.php?rest_route=%2Fwp%2Fv2%2Fcomments&post=521"}],"version-history":[{"count":5,"href":"https:\/\/www.arztpraxis-huemer-und-braun.de\/index.php?rest_route=\/wp\/v2\/pages\/521\/revisions"}],"predecessor-version":[{"id":865,"href":"https:\/\/www.arztpraxis-huemer-und-braun.de\/index.php?rest_route=\/wp\/v2\/pages\/521\/revisions\/865"}],"up":[{"embeddable":true,"href":"https:\/\/www.arztpraxis-huemer-und-braun.de\/index.php?rest_route=\/wp\/v2\/pages\/59"}],"wp:attachment":[{"href":"https:\/\/www.arztpraxis-huemer-und-braun.de\/index.php?rest_route=%2Fwp%2Fv2%2Fmedia&parent=521"}],"curies":[{"name":"wp","href":"https:\/\/api.w.org\/{rel}","templated":true}]}}