{"id":56,"date":"2020-10-31T02:05:27","date_gmt":"2020-10-31T02:05:27","guid":{"rendered":"http:\/\/www.arztpraxis-huemer-und-braun.de\/test_wordpress\/?page_id=56"},"modified":"2024-01-17T06:27:41","modified_gmt":"2024-01-17T06:27:41","slug":"unser-leitbild","status":"publish","type":"page","link":"https:\/\/www.arztpraxis-huemer-und-braun.de\/?page_id=56","title":{"rendered":"Unser Leitbild"},"content":{"rendered":"[et_pb_section fb_built=&#8220;1&#8243; admin_label=&#8220;section&#8220; _builder_version=&#8220;3.22&#8243;][et_pb_row _builder_version=&#8220;4.7.7&#8243; _module_preset=&#8220;default&#8220;][et_pb_column type=&#8220;4_4&#8243; _builder_version=&#8220;4.7.7&#8243; _module_preset=&#8220;default&#8220;][et_pb_text content_tablet=&#8220;<h1>Unser Leitbild<\/h1>\n&#8220; content_phone=&#8220;<h2>Unser Leitbild<\/h2>\n&#8220; content_last_edited=&#8220;on|phone&#8220; _builder_version=&#8220;4.7.7&#8243; _module_preset=&#8220;default&#8220; content__hover_enabled=&#8220;off|desktop&#8220;]<h1>Unser Leitbild<\/h1>[\/et_pb_text][et_pb_text _builder_version=&#8220;4.7.7&#8243; _module_preset=&#8220;default&#8220;]<p>Dieses Leitbild dient der Orientierung in unserem Praxisteam und ist \u00a0f\u00fcr Patientinnen und Patienten, die eine qualitativ hochwertige und umfassende Behandlung suchen. Das Leitbild beschreibt Grundlagen \u00e4rztlichen Handelns und zeigt, wie Tradition und Erkenntnis der Chinesischen Medizin und anderer Naturheilverfahren zusammen \/Integrativ mit der Schulmedizin helfen k\u00f6nnen, die Beziehung zwischen Patient und Arzt(*) positiv zu gestalten.<\/p>\n<p><strong><em><u>Leitbild \u00a0Praxis <\/u><\/em><\/strong><\/p>\n<p>Als \u00c4rztinnen und\u00a0 \u00c4rzte\u00a0 \u00a0f\u00fchlen wir uns einem respektvollen Umgang mit Patientinnen und Patienten verpflichtet. Durch die \u00e4rztliche Ausbildung und zus\u00e4tzliche gr\u00fcndliche Besch\u00e4ftigung mit westlichen Naturheilverfahren, der psychosomatischen Medizin, der Hom\u00f6opathie und der chinesischen Medizin sind wir in mehreren Systemen zuhause: Wir kennen die Diagnostik und Therapie der westlichen Medizin und die ganzheitliche, systemische Betrachtung der anderen Methoden. Durch die Integration aller Systeme kann ein erweiterter Blick auf Krankheit und Gesundung gewonnen werden. Nicht der Befund oder die isolierte Krankheit, sondern der kranke Mensch mit seiner ganzen Pers\u00f6nlichkeit steht im Mittelpunkt.<\/p>\n<p>Die k\u00f6rperlichen, seelischen, geistigen und sozialen Bedingungen des Kranken werden im Heilungsprozess sowohl aus Sicht der westlichen wie der naturheilkundlichen westlichen und der chinesischen Medizin ber\u00fccksichtigt, weil diese Methoden und die Integration der Verfahren andere Perspektiven und \u00a0zus\u00e4tzliche tiefe Einblicke in das Wesen von Krankheit und Heilung er\u00f6ffnen kann. Alle pers\u00f6nlichen Lebensbereiche wie aktuelle Lebensumst\u00e4nde, Ern\u00e4hrung und Bewegungsverhalten, Schlaf und Arbeit sowie die spezielle Biographie des Patienten werden einbezogen. Die therapeutische Beziehung wird von Mitgef\u00fchl sowie vorbehaltloser Offenheit gegen\u00fcber dem Patienten und vom Vertrauen in die Heilkr\u00e4fte des Patienten getragen. Dabei wird der Patient in seiner Einzigartigkeit gew\u00fcrdigt. Hierdurch gelingt es, ein gemeinsames Behandlungsziel zu definieren und zu verfolgen.<\/p>\n<p>In einem dynamischen Prozess werden Ver\u00e4nderungsprozesse angesto\u00dfen und die Krankheit durch die Selbstheilungskr\u00e4fte des Menschen mit Unterst\u00fctzung des Arztes auf k\u00f6rperlicher, seelischer und geistiger Ebene gelindert oder \u00fcberwunden. So kann der kranke Mensch sich selbst verstehen lernen und seine Eigenverantwortung st\u00e4rken. Beste Ausbildung und fortlaufende Weiterbildung sowie kritischer Umgang mit westlicher und chinesischer Medizin sind selbstverst\u00e4ndliche und wichtige Voraussetzungen f\u00fcr die erfolgreiche Behandlung. Der Einsatz eines grossen Spektrums der Medizin in einem Netzwerk erfahrener Fachkollegen und Spezialisten tr\u00e4gt zu einem befriedigenden, individuellen Heilungsprozess bei. Der achtsame Umgang der \u00c4rztin \/ des Arztes mit sich und ein humorvoller, aber auch kritischer Blick auf sich selbst helfen dabei.<\/p>\n<p>In unserer T\u00e4tigkeit betonen wir die m\u00f6glichen positiven Wege aus Krise und Krankheit, ohne zu besch\u00f6nigen oder zu verschweigen. \u00dcber Erfolgsaussichten und Kosten der Behandlung wird offen gesprochen. Die \u00e4u\u00dfere Atmosph\u00e4re, die hochwertige Arbeit und Kompetenz und das Engagement unserer Medizinischen Fachangestellten und die inneren Bedingungen der Therapie werden so gestaltet, dass Regulations- und Regenerationsvorg\u00e4nge gelingen k\u00f6nnen. Pr\u00e4vention und Aktivierung der Selbstheilung haben Vorrang vor einer reparativen Medizin.<\/p>\n<p>Ihr Praxisteam<\/p>\n<p><\/p>[\/et_pb_text][\/et_pb_column][\/et_pb_row][\/et_pb_section]","protected":false},"excerpt":{"rendered":"<p>[et_pb_section fb_built=&#8220;1&#8243; admin_label=&#8220;section&#8220; _builder_version=&#8220;3.22&#8243;][et_pb_row _builder_version=&#8220;4.7.7&#8243; _module_preset=&#8220;default&#8220;][et_pb_column type=&#8220;4_4&#8243; _builder_version=&#8220;4.7.7&#8243; _module_preset=&#8220;default&#8220;][et_pb_text content_tablet=&#8220; Unser Leitbild &#8220; content_phone=&#8220; Unser Leitbild &#8220; content_last_edited=&#8220;on|phone&#8220; _builder_version=&#8220;4.7.7&#8243; _module_preset=&#8220;default&#8220; content__hover_enabled=&#8220;off|desktop&#8220;] Unser Leitbild [\/et_pb_text][et_pb_text _builder_version=&#8220;4.7.7&#8243; _module_preset=&#8220;default&#8220;] Dieses Leitbild dient der Orientierung in unserem Praxisteam und ist \u00a0f\u00fcr Patientinnen und Patienten, die eine qualitativ hochwertige und umfassende Behandlung suchen. Das Leitbild beschreibt Grundlagen \u00e4rztlichen Handelns und [&hellip;]<\/p>\n","protected":false},"author":1,"featured_media":0,"parent":0,"menu_order":15,"comment_status":"closed","ping_status":"closed","template":"","meta":{"_et_pb_use_builder":"on","_et_pb_old_content":"<!-- wp:html -->\n<br>\n<!-- \/wp:html -->\n\n<!-- wp:heading {\"level\":5} -->\n<h5><strong><em><u>Leitbild Arzt f\u00fcr Akupunktur und Chinesische Medizi<\/u><\/em><\/strong>n<\/h5>\n<!-- \/wp:heading -->\n\n<!-- wp:paragraph -->\n<p>Dieses Leitbild dient der Orientierung: F\u00fcr \u00c4rztinnen und \u00c4rzte, die sich in der Deutschen \u00c4rztegesellschaft f\u00fcr Akupunktur e. V. (D\u00c4GfA) zusammengeschlossen haben und f\u00fcr Patientinnen und Patienten, die eine qualitativ hochwertige und umfassende Behandlung suchen. Das Leitbild beschreibt Grundlagen \u00e4rztlichen Handelns und zeigt, wie Tradition und Erkenntnis der Chinesischen Medizin und verwandter Medizintraditionen helfen k\u00f6nnen, die Beziehung zwischen Patient und Arzt(*) positiv zu gestalten.<\/p>\n<!-- \/wp:paragraph -->\n\n<!-- wp:heading {\"level\":5} -->\n<h5><strong><em><u>Leitbild<\/u><\/em><\/strong><\/h5>\n<!-- \/wp:heading -->\n\n<!-- wp:paragraph -->\n<p>Als \u00c4rzte f\u00fcr Akupunktur und Chinesische Medizin f\u00fchlen wir uns einem respektvollen Umgang mit Patientinnen und Patienten verpflichtet. Durch die \u00e4rztliche Ausbildung und zus\u00e4tzliche gr\u00fcndliche Besch\u00e4ftigung mit der chinesischen Medizin sind wir in zwei Systemen zuhause: Wir kennen die Diagnostik und Therapie der westlichen Medizin und die ganzheitliche, systemische Betrachtung der chinesischen Medizin. Durch die Integration beider Systeme kann ein erweiterter Blick auf Krankheit und Gesundung gewonnen werden. Nicht der Befund oder die isolierte Krankheit, sondern der kranke Mensch mit seiner ganzen Pers\u00f6nlichkeit steht im Mittelpunkt. Die k\u00f6rperlichen, seelischen, geistigen und sozialen Bedingungen des Kranken werden im Heilungsprozess sowohl aus Sicht der westlichen wie der chinesischen Medizin ber\u00fccksichtigt, weil die chinesische Medizin durch ihre andere Perspektive zus\u00e4tzliche tiefe Einblicke in das Wesen von Krankheit und Heilung er\u00f6ffnen kann. Alle pers\u00f6nlichen Lebensbereiche wie aktuelle Lebensumst\u00e4nde, Ern\u00e4hrung und Bewegungsverhalten, Schlaf und Arbeit sowie die spezielle Biographie des Patienten werden einbezogen. Die therapeutische Beziehung wird von Mitgef\u00fchl sowie vorbehaltloser Offenheit gegen\u00fcber dem Patienten und vom Vertrauen in die Heilkr\u00e4fte des Patienten getragen. Dabei wird der Patient in seiner Einzigartigkeit gew\u00fcrdigt. Hierdurch gelingt es, ein gemeinsames Behandlungsziel zu definieren und zu verfolgen. In einem dynamischen Prozess werden Ver\u00e4nderungsprozesse angesto\u00dfen und die Krankheit durch die Selbstheilungskr\u00e4fte des Menschen mit Unterst\u00fctzung des Arztes auf k\u00f6rperlicher, seelischer und geistiger Ebene gelindert oder \u00fcberwunden. So kann der kranke Mensch sich selbst verstehen lernen und seine Eigenverantwortung st\u00e4rken. Beste Ausbildung und fortlaufende Weiterbildung sowie kritischer Umgang mit westlicher und chinesischer Medizin sind selbstverst\u00e4ndliche und wichtige Voraussetzungen f\u00fcr die erfolgreiche Behandlung. Der Einsatz des ganzen Spektrums der chinesischen Medizin in einem Netzwerk erfahrener Fachkollegen und Spezialisten tr\u00e4gt zu einem befriedigenden, individuellen Heilungsprozess bei. Der achtsame Umgang des Arztes mit sich und ein humorvoller, aber auch kritischer Blick auf sich selbst helfen dabei. In unserer T\u00e4tigkeit betonen wir die m\u00f6glichen positiven Wege aus Krise und Krankheit, ohne zu besch\u00f6nigen oder zu verschweigen. \u00dcber Erfolgsaussichten und Kosten der Behandlung wird offen gesprochen. Die \u00e4u\u00dfere Atmosph\u00e4re und die inneren Bedingungen der Therapie werden so gestaltet, dass Regulations- und Regenerationsvorg\u00e4nge gelingen k\u00f6nnen. Pr\u00e4vention und Aktivierung der Selbstheilung haben Vorrang vor einer reparativen Medizin.<\/p>\n<!-- \/wp:paragraph -->\n\n<!-- wp:paragraph -->\n<p><strong>Dezember 2012 - Deutsche \u00c4rztegesellschaft f\u00fcr Akupunktur e.V. (gegr\u00fcndet 1951)<\/strong><\/p>\n<!-- \/wp:paragraph -->\n\n<!-- wp:paragraph -->\n<p>(*)Zur besseren Lesbarkeit wird im Folgenden nur von \u201ePatient\u201c bez. \u201eArzt\u201c gesprochen: gemeint sind Patientinnen und Patienten, \u00c4rztinnen und \u00c4rzte.<\/p>\n<!-- \/wp:paragraph -->","_et_gb_content_width":"","footnotes":""},"class_list":["post-56","page","type-page","status-publish","hentry"],"_links":{"self":[{"href":"https:\/\/www.arztpraxis-huemer-und-braun.de\/index.php?rest_route=\/wp\/v2\/pages\/56","targetHints":{"allow":["GET"]}}],"collection":[{"href":"https:\/\/www.arztpraxis-huemer-und-braun.de\/index.php?rest_route=\/wp\/v2\/pages"}],"about":[{"href":"https:\/\/www.arztpraxis-huemer-und-braun.de\/index.php?rest_route=\/wp\/v2\/types\/page"}],"author":[{"embeddable":true,"href":"https:\/\/www.arztpraxis-huemer-und-braun.de\/index.php?rest_route=\/wp\/v2\/users\/1"}],"replies":[{"embeddable":true,"href":"https:\/\/www.arztpraxis-huemer-und-braun.de\/index.php?rest_route=%2Fwp%2Fv2%2Fcomments&post=56"}],"version-history":[{"count":10,"href":"https:\/\/www.arztpraxis-huemer-und-braun.de\/index.php?rest_route=\/wp\/v2\/pages\/56\/revisions"}],"predecessor-version":[{"id":1091,"href":"https:\/\/www.arztpraxis-huemer-und-braun.de\/index.php?rest_route=\/wp\/v2\/pages\/56\/revisions\/1091"}],"wp:attachment":[{"href":"https:\/\/www.arztpraxis-huemer-und-braun.de\/index.php?rest_route=%2Fwp%2Fv2%2Fmedia&parent=56"}],"curies":[{"name":"wp","href":"https:\/\/api.w.org\/{rel}","templated":true}]}}