{"id":576,"date":"2020-10-31T03:02:08","date_gmt":"2020-10-31T03:02:08","guid":{"rendered":"http:\/\/www.arztpraxis-huemer-und-braun.de\/test_wordpress\/?page_id=576"},"modified":"2024-01-17T06:30:01","modified_gmt":"2024-01-17T06:30:01","slug":"akupunkturtherapie-mit-qualitaet","status":"publish","type":"page","link":"https:\/\/www.arztpraxis-huemer-und-braun.de\/?page_id=576","title":{"rendered":"Akupunkturtherapie mit Qualit\u00e4t"},"content":{"rendered":"<p>[et_pb_section fb_built=&#8220;1&#8243; admin_label=&#8220;section&#8220; _builder_version=&#8220;3.22&#8243;][et_pb_row _builder_version=&#8220;4.7.7&#8243; _module_preset=&#8220;default&#8220;][et_pb_column type=&#8220;4_4&#8243; _builder_version=&#8220;4.7.7&#8243; _module_preset=&#8220;default&#8220;][et_pb_text content_tablet=&#8220;<\/p>\n<h3>Akupunkturtherapie mit Qualit\u00e4t und<br \/> nach allen Regeln der Kunst<\/h3>\n<p>&#8220; content_phone=&#8220;<\/p>\n<h2>Akupunkturtherapie mit Qualit\u00e4t und<br \/> nach allen Regeln der Kunst<\/h2>\n<p>&#8220; content_last_edited=&#8220;on|phone&#8220; _builder_version=&#8220;4.7.7&#8243; _module_preset=&#8220;default&#8220;]<\/p>\n<h1>Akupunkturtherapie mit Qualit\u00e4t und<br \/> nach allen Regeln der Kunst<\/h1>\n<p>[\/et_pb_text][et_pb_text _builder_version=&#8220;4.7.7&#8243; _module_preset=&#8220;default&#8220;]<\/p>\n<p>1. Im <strong>Mittelpunkt <\/strong>der Diagnostik steht der Patient und seine Grundsubstanzen oder Grundenergien \u00a0wie Qi und Yang, Blut und Yin sowie die \u00a0sogenannte Essenz.<br \/><strong>Sind die Energien in Harmonie<\/strong> , ist man gesund. Wenn z. B. Qi in Ungleichgewicht ist, zu viel, zu wenig, oder im Flie\u00dfen blockiert, f\u00fchlt man sich unwohl, es kann zu Krankheiten kommen. So kann jede Grundenergie, wenn sie aus ihrem Gleichgewicht kommt, ein spezifisches Krankheitsmuster erzeugen.<\/p>\n<p>2. <strong>Die Chinesische Diagnostik ist gerade bei chronischen Erkrankungen<\/strong> <strong>Voraussetzung und wesentliches Fundament einer Akupunktur nach den Regeln der Kunst. <\/strong>Chinesische Diagnostik ber\u00fccksichtigt ganz unterschiedliche Aspekte wie z.B.<\/p>\n<ul>\n<li>den Energiefluss der Leitbahnen ( Meridiane), auf der die Akupunkturpunkte liegen.<\/li>\n<li>die Funktion der inneren Organe und ihrer Energiest\u00f6rungen (z.B: Durchfall, Schlaf-St\u00f6rungen usw)<\/li>\n<li>die psychosomatischen Zusammenh\u00e4nge und ihr Einfluss auf die inneren Energien<\/li>\n<li>den individuellen Konstitutionstypen nach den 5 Elementen<\/li>\n<li>die Krankheitsvorgeschichte, die Vorbefunde, \u00a0<\/li>\n<li>die aktuelle Lebenssituation des Patient, seiner Ern\u00e4hrungsweise, besonderer Belastungen \u00a0usw.<\/li>\n<li>Abgerundet wird \u00a0die Diagnostik durch eine Zungen- und Pulsdiagnose und eine k\u00f6rperliche Untersuchung<\/li>\n<\/ul>\n<p>3. Anhand dieser Befunde erfolgt vom Akupunkturarzt eine <strong>Formulierung eines Therapieplans<\/strong> mit prim\u00e4ren und sekund\u00e4ren <strong>Therapiestrategien, <\/strong>den therapeutischen Absichten, den Intentionen nach den Therapie-Prinzipien der Chinesischen Medizin. Aus der chinesischen Diagnose folgen als 2. Schritt Therapiestrategien, d.h. <strong>Behandlungsabsichten<\/strong> f\u00fcr das therapeutische Vorgehen.<\/p>\n<p>4. <strong>Setting<\/strong> <strong>der Akupunkturtherapie<\/strong> <\/p>\n<ul>\n<li>Anwendung 1-2x w\u00f6chentlich, in Serien von 8-15 Behandlungen<\/li>\n<li>Verweildauer der Nadeln 20-30 Minuten<\/li>\n<li>Einsatz weiterer Verfahren ( Moxa, Schr\u00f6pfen)<\/li>\n<\/ul>\n<p>4.1. Das Aufsuchen von <strong>lokalen druckdolenten Punkten<\/strong> und <strong>Triggerpunkten<\/strong> und das <strong>korrekte Lokalisieren<\/strong> von regulierenden Punkten an K\u00f6rper und Ohr und ihrer Nadelung mit ableitender oder auff\u00fcllender \u00a0Nadelstimulation, die abgestimmte \u00a0<strong>Auswahl der Punkte<\/strong> an Kopf, H\u00e4nde, F\u00fc\u00dfe, Rumpf, Bauch, Brustkorb, Hals, Nacken, R\u00fccken erfordert eine gute Ausbildung und lange klinische Erfahrung.<\/p>\n<p>4.2. <strong>Nadelstimulation mit De Qi Gef\u00fchl<\/strong>; Ad\u00e4quate manuelle <em>Stimulation<\/em>, d.h. das Drehen , Heben und Senken der Nadeln zur Intensivierung der Reizst\u00e4rke mit einer spezifischem Nadelempfindung, der intensiven De Qi Sensation ist von essentieller Bedeutung. Teils ist auch ein wiederholtes Drehen der Nadeln w\u00e4hrend der Verweildauer notwendig.<\/p>\n<p>4.3. Anwendung zus\u00e4tzlicher <strong>Akupunktur<\/strong> <strong>Mikrosysteme<\/strong> wie z.B. Sch\u00e4del- und <strong>Ohrakupunktur k\u00f6nnen den Therapieeffekt verbessern und schneller zum gew\u00fcnschten Erfolg f\u00fchren. <\/strong><\/p>\n<p>4.4. <strong>Ruhige R\u00e4ume<\/strong>, Ruhe w\u00e4hrend der Verweildauer der Nadelung, soweit m\u00f6glich ruhige und tiefe Atmung, <em><\/em>\u00a0Fokussieren \u00a0der Aufmerksamkeit auf den K\u00f6rper und das Zulassen von hochkommenden Gef\u00fchlen und Empfindungen w\u00e4hrend und nach der Akupunktur sind von wesentlichem therapeutischen Einflu\u00df. Solche Wahrnehmungen und auch auftretende Ver\u00e4nderungen bei den Symptomen werden bei den Folgeterminen mit dem Arzt\/der \u00c4rztin besprochen.<\/p>\n<p>4.5. Anwendung <strong>erg\u00e4nzender Therapien<\/strong> wie <strong>Bewegungs\u00fcbungen, Tuina, Qi Gong, Chinesische Ern\u00e4hrungsmedizin <\/strong>Diese erg\u00e4nzenden therapeutischen Ma\u00dfnahmen wie z. B. <em>Moxen,<\/em> <em>Ern\u00e4hrungsberatung,<\/em> <em>Qi Gong,<\/em> sind sehr n\u00fctzlich, um die nachhaltige Wirksamkeit der Akupunktur bei chronischen Erkrankungen zu f\u00f6rdern.<\/p>\n<p>4.6. <strong>Der zus\u00e4tzliche Einsatz von Chinesischer Arzneitherapie (CAT)<\/strong> kann bei bestimmten St\u00f6rungsmustern notwendig sein, um einen \u00a0tiefen und anhaltenden Therapieerfolg zu unterst\u00fctzen.<\/p>\n<p>Wir w\u00fcnschen Ihnen einen guten Therapieerfolg<\/p>\n<p>Ihr Praxisteam der Praxis Huemer und Braun<\/p>\n<p>[\/et_pb_text][\/et_pb_column][\/et_pb_row][\/et_pb_section]<\/p>\n","protected":false},"excerpt":{"rendered":"<p>[et_pb_section fb_built=&#8220;1&#8243; admin_label=&#8220;section&#8220; _builder_version=&#8220;3.22&#8243;][et_pb_row _builder_version=&#8220;4.7.7&#8243; _module_preset=&#8220;default&#8220;][et_pb_column type=&#8220;4_4&#8243; _builder_version=&#8220;4.7.7&#8243; _module_preset=&#8220;default&#8220;][et_pb_text content_tablet=&#8220; Akupunkturtherapie mit Qualit\u00e4t und nach allen Regeln der Kunst &#8220; content_phone=&#8220; Akupunkturtherapie mit Qualit\u00e4t und nach allen Regeln der Kunst &#8220; content_last_edited=&#8220;on|phone&#8220; _builder_version=&#8220;4.7.7&#8243; _module_preset=&#8220;default&#8220;] Akupunkturtherapie mit Qualit\u00e4t und nach allen Regeln der Kunst [\/et_pb_text][et_pb_text _builder_version=&#8220;4.7.7&#8243; _module_preset=&#8220;default&#8220;] 1. Im Mittelpunkt der Diagnostik steht der Patient und [&hellip;]<\/p>\n","protected":false},"author":1,"featured_media":0,"parent":0,"menu_order":22,"comment_status":"closed","ping_status":"closed","template":"","meta":{"_et_pb_use_builder":"on","_et_pb_old_content":"","_et_gb_content_width":"","footnotes":""},"class_list":["post-576","page","type-page","status-publish","hentry"],"_links":{"self":[{"href":"https:\/\/www.arztpraxis-huemer-und-braun.de\/index.php?rest_route=\/wp\/v2\/pages\/576","targetHints":{"allow":["GET"]}}],"collection":[{"href":"https:\/\/www.arztpraxis-huemer-und-braun.de\/index.php?rest_route=\/wp\/v2\/pages"}],"about":[{"href":"https:\/\/www.arztpraxis-huemer-und-braun.de\/index.php?rest_route=\/wp\/v2\/types\/page"}],"author":[{"embeddable":true,"href":"https:\/\/www.arztpraxis-huemer-und-braun.de\/index.php?rest_route=\/wp\/v2\/users\/1"}],"replies":[{"embeddable":true,"href":"https:\/\/www.arztpraxis-huemer-und-braun.de\/index.php?rest_route=%2Fwp%2Fv2%2Fcomments&post=576"}],"version-history":[{"count":9,"href":"https:\/\/www.arztpraxis-huemer-und-braun.de\/index.php?rest_route=\/wp\/v2\/pages\/576\/revisions"}],"predecessor-version":[{"id":1094,"href":"https:\/\/www.arztpraxis-huemer-und-braun.de\/index.php?rest_route=\/wp\/v2\/pages\/576\/revisions\/1094"}],"wp:attachment":[{"href":"https:\/\/www.arztpraxis-huemer-und-braun.de\/index.php?rest_route=%2Fwp%2Fv2%2Fmedia&parent=576"}],"curies":[{"name":"wp","href":"https:\/\/api.w.org\/{rel}","templated":true}]}}