{"id":71,"date":"2020-10-31T04:02:39","date_gmt":"2020-10-31T04:02:39","guid":{"rendered":"http:\/\/www.arztpraxis-huemer-und-braun.de\/test_wordpress\/?page_id=71"},"modified":"2021-02-04T18:48:49","modified_gmt":"2021-02-04T18:48:49","slug":"naturheilverfahren","status":"publish","type":"page","link":"https:\/\/www.arztpraxis-huemer-und-braun.de\/?page_id=71","title":{"rendered":"Naturheilverfahren"},"content":{"rendered":"[et_pb_section fb_built=&#8220;1&#8243; admin_label=&#8220;section&#8220; _builder_version=&#8220;3.22&#8243;][et_pb_row admin_label=&#8220;row&#8220; _builder_version=&#8220;3.25&#8243; background_size=&#8220;initial&#8220; background_position=&#8220;top_left&#8220; background_repeat=&#8220;repeat&#8220;][et_pb_column type=&#8220;4_4&#8243; _builder_version=&#8220;3.25&#8243; custom_padding=&#8220;|||&#8220; custom_padding__hover=&#8220;|||&#8220;][et_pb_text content_tablet=&#8220;<h1>NATURHEILVERFAHREN<\/h1>\n&#8220; content_phone=&#8220;<h2>Naturheilverfahren<\/h2>\n&#8220; content_last_edited=&#8220;on|phone&#8220; _builder_version=&#8220;4.7.7&#8243; _module_preset=&#8220;default&#8220; hover_enabled=&#8220;0&#8243; sticky_enabled=&#8220;0&#8243;]<h1>Naturheilverfahren<\/h1>[\/et_pb_text][et_pb_text admin_label=&#8220;Text&#8220; _builder_version=&#8220;4.7.7&#8243; background_size=&#8220;initial&#8220; background_position=&#8220;top_left&#8220; background_repeat=&#8220;repeat&#8220;]<p><strong style=\"color: #333333; font-size: 16px;\"><em><u>Leitlinien unserer naturheilkundlichen, intergrativen Behandlung<\/u><\/em><\/strong><\/p>\n<p>Unser \u00e4rztlicher, ganzheitlicher Behandlungsansatz von Krankheiten und Befindlichkeitsst\u00f6rungen m\u00fcndet grunds\u00e4tzlich \u00a0immer in einer individuelle Therapie, abgestimmt auf genau den Patienten, der uns gegen\u00fcbersitzt. \u00a0<\/p>\n<p>Eine schulmedizinische Diagnose und Abkl\u00e4rung der Beschwerden gehen jeder Therapie voraus. Wir erheben eine gr\u00fcndliche Anamnese und f\u00fchren die \u00a0notwendigen Untersuchungen durch \u00a0wie z.B: Labor, Sonografie. Anhand der Gesamtschau der Beschwerden,der Befudne und Vorbefunde und \u00a0der Bed\u00fcrfnisse des Patienten werden die m\u00f6glichen Therapieoptionen mit dem Patienten \u00a0besprochen; anschlie\u00dfend erstellen wir einen Therapieplan, der auch Anleitungen zu \u00dcbungen, Ern\u00e4hrungsumstellungen und andere vom Patienten selbst zu erbringende Leistungen umfassen kann.<\/p>\n<p>Wir denken und arbeiten integrativ, das bedeutet f\u00fcr uns, dass wir den \u00a0aktuellen Stand des schulmedizinischen Wissens und die Therapiem\u00f6glichkeiten der Naturheilkunde, der orthomolekularer Medizin sowie der Hom\u00f6opathie und Akupunktur wenn es \u00a0sinnvoll ist, in einen Behandlungsplan aufnehmen. Diese Methode nennt man integrative Therapie, Schulmedizin und andere Methoden erg\u00e4nzen sich, sind nicht konkurrierend.<\/p>\n<p>Unser Ziel ist das Wohl und die Gesundheit und Lebensqualit\u00e4t unserer Patienten zu erhalten bzw. wieder herzustellen. Dies bedeutet meist auch, dass unsere Patienten an der Genesung\u00a0 aktiv mitarbeiten und bereit sind, unsere Empfehlungen\u00a0 umzusetzen.\u00a0 Damit dies m\u00f6glich ist, erarbeiten wir mit den Patienten einen pers\u00f6nlichen therapeutischen Weg, der sowohl die k\u00f6rperliche Seite, als auch die seelische Seite des Menschen einschlie\u00dft.<\/p>\n<p><\/p>[\/et_pb_text][et_pb_text _builder_version=&#8220;4.7.7&#8243; _module_preset=&#8220;default&#8220;]<p><strong style=\"color: #333333; font-size: 16px;\"><em><u>Die 5 Standbeine \u00a0der klassischen Naturheilverfahren sind:<\/u><\/em><\/strong><\/p>\n<ol>\n<li>Phytotherapie<\/li>\n<li>Hydrotherapie<\/li>\n<li>Ern\u00e4hrungstherapie<\/li>\n<li>Bewegungstherapie<\/li>\n<li>Ordnungstherapie<\/li>\n<\/ol>\n<p><strong><u>Phytotherapie<\/u><\/strong><\/p>\n<p>Die <strong>klassische Pflanzenheilkunde<\/strong> umfasst die Behandlung mit z.B. Tees, Tinkturen, Wickel, Umschl\u00e4gen und Inhalationen. Diese Therapieformen \u00a0weisen h\u00e4ufig eine\u00a0 hohe Therapieeffizienz auf und k\u00f6nnen meist \u00a0\u00a0gut mit den anderen klassischen Verfahren der Naturheilkunde und mit der Schulmedizin\u00a0 kombiniert werden.<\/p>\n<p>Manche dieser Pflanzenwirkstoffe sind besonders gut erforscht und wissenschaftlich in Studien untersucht worden, sie werden unter der \u00a0<strong>rationalen Phytotherapie <\/strong>beschrieben. Es gibt diese Wirkstoffe auch in Tabletten oder Kapselform.\u00a0 Auch wenn diese Medikamente in der Regel ohne Rezept frei verk\u00e4uflich sind, sollte vor ihrer Einnahme eine \u00e4rztliche\u00a0 Beratung \u00fcber Nutzen und m\u00f6gliche Risiken oder Wechselwirkungen mit anderen Arzneien erfolgen. Naturheilkundlich ausgebildete \u00c4rzte haben hier viel Erfahrung und Wissen. Wir beraten Sie gerne, sprechen Sie uns an.<\/p>\n<p><strong><u>Hydrotherapie<\/u><\/strong><\/p>\n<p>Die Entwicklung der Hydrotherapie geht auf Sebastian Kneipp (1821-1897) zur\u00fcck. In Bad W\u00f6rishofen entwickelte er ab 1855 seine Heilmethoden. Diese umfassen Waschungen, G\u00fcsse, Wickel, Packungen und eine gro\u00dfe Spannbreite von B\u00e4dern (medizinische Vollb\u00e4der, Teilb\u00e4der, Bewegungsb\u00e4der, Dampfb\u00e4der, Sauna). Weiterhin werden besonders auch ortsgebundene Heilmittel z.B. Peloide und Heilw\u00e4sser angewendet.<\/p>\n<p><strong><u>Ern\u00e4hrungstherapie<\/u><\/strong><\/p>\n<p>Die Ern\u00e4hrungstherapie sowohl nach westlichem, als auch nach traditionell chinesischen Gesichtspunkten kann anderweitige Therapieans\u00e4tze h\u00e4ufig hervorragend unterst\u00fctzen. \u00a0Ihr Einsatz ist \u00a0beispielsweise bei der Behandlung\u00a0 von Ersch\u00f6pfungszust\u00e4nden, von\u00a0 chronischen Entz\u00fcndungen, von Darmerkrankungen, funktionellen Darmbeschwerden bis hin zu Nahrungsmittelallergien und Nahrungsmittelintoleranzen sehr bew\u00e4hrt.<\/p>\n<p>Auch bei der Therapie der Adipositas ( \u00dcbergewicht) nimmt sie einen entscheidenden\u00a0 Stellenwert ein. Vor einer Ern\u00e4hrungsberatung sind in der Regel Ern\u00e4hrungsmitschriften des Patienten, ein Gespr\u00e4ch\u00a0 mit dem Arzte \u00fcber die Beschwerden ( Anamnese) sowie manchmal auch Labordiagnostik notwendig. Wir beraten Sie gerne, sprechen Sie uns an.<\/p>\n<p><strong><u>Bewegungstherapie<\/u><\/strong><\/p>\n<p>Die Bewegungstherapie wirkt insbesondere auf das Herz-Kreislaufsystem, das immunologische System und das neurovegetative System. Sie ist Grundlage sehr vieler biologischer und biochemischer Prozesse in unserem K\u00f6rper.<\/p>\n<p><strong><u>Ordnungstherapie<\/u><\/strong><\/p>\n<p>Die Grundlage der Ordnungstherapie bildet den Kern der Lehre der sogenannten \u201cGanzheitstherapie\u201c von Pfarrer Kneipp. Darunter ist die Strukturierung des Lebens im Sinne der \u201eLebensordnung\u201c zu verstehen. Der menschliche K\u00f6rper wird dadurch in ein Gleichgewicht gebracht und dies f\u00fchrt zu einer Strukturierung der Lebensumst\u00e4nde. Hierzu eigen sich ganz verschiedene Therapieformen z.B. Entspannungsverfahren, autogenes Training, ausgewogener Rhythmus von Schlafen und Wachsein, ma\u00dfvoller Umgang mit Nahrungs- und Genu\u00dfmitteln.<\/p>[\/et_pb_text][\/et_pb_column][\/et_pb_row][\/et_pb_section]<!-- \/wp:post-content -->","protected":false},"excerpt":{"rendered":"<p>[et_pb_section fb_built=&#8220;1&#8243; admin_label=&#8220;section&#8220; _builder_version=&#8220;3.22&#8243;][et_pb_row admin_label=&#8220;row&#8220; _builder_version=&#8220;3.25&#8243; background_size=&#8220;initial&#8220; background_position=&#8220;top_left&#8220; background_repeat=&#8220;repeat&#8220;][et_pb_column type=&#8220;4_4&#8243; _builder_version=&#8220;3.25&#8243; custom_padding=&#8220;|||&#8220; custom_padding__hover=&#8220;|||&#8220;][et_pb_text content_tablet=&#8220; NATURHEILVERFAHREN &#8220; content_phone=&#8220; Naturheilverfahren &#8220; content_last_edited=&#8220;on|phone&#8220; _builder_version=&#8220;4.7.7&#8243; _module_preset=&#8220;default&#8220; hover_enabled=&#8220;0&#8243; sticky_enabled=&#8220;0&#8243;] Naturheilverfahren [\/et_pb_text][et_pb_text admin_label=&#8220;Text&#8220; _builder_version=&#8220;4.7.7&#8243; background_size=&#8220;initial&#8220; background_position=&#8220;top_left&#8220; background_repeat=&#8220;repeat&#8220;] Leitlinien unserer naturheilkundlichen, intergrativen Behandlung Unser \u00e4rztlicher, ganzheitlicher Behandlungsansatz von Krankheiten und Befindlichkeitsst\u00f6rungen m\u00fcndet grunds\u00e4tzlich \u00a0immer in einer individuelle Therapie, abgestimmt auf genau den [&hellip;]<\/p>\n","protected":false},"author":1,"featured_media":0,"parent":0,"menu_order":60,"comment_status":"closed","ping_status":"closed","template":"","meta":{"_et_pb_use_builder":"on","_et_pb_old_content":"<!-- wp:html -->\n<br>\n<!-- \/wp:html -->\n\n<!-- wp:heading {\"level\":5} -->\n<h5><strong><em><u>Leitlinien unserer naturheilkundlichen Behandlung<\/u><\/em><\/strong><\/h5>\n<!-- \/wp:heading -->\n\n<!-- wp:paragraph -->\n<p>Unsere ganzheitliche Behandlung ist grunds\u00e4tzlich eine individuelle Therapie. Wir lassen uns von den Bed\u00fcrfnissen des Patienten und dem aktuellen Stand des Wissens der Schulmedizin und der Therapieempfehlungen der Naturheilkunde und orthomolekularer Medizin sowie der Hom\u00f6opathie und Akupunktur leiten. Als \u00c4rzte ist f\u00fcr uns aber wichtig: Eine schulmedizinische Diagnose und Abkl\u00e4rung der Beschwerden gehen jeder Therapie voraus! Manchmal setzen wir auch die Schulmedizin und die Naturheilverfahren gemeinsam ein, im Sinne einer sinnvollen Erg\u00e4nzung.<br><br>Unser Ziel ist das Wohl und die Gesundheit und Lebensqualit\u00e4t unserer Patienten zu erhalten bzw. wieder herzustellen. Dies bedeutet meist auch, dass unsere Patienten an der Genesung aktiv mitarbeiten und bereit sind, unsere Empfehlungen umzusetzen. Damit dies m\u00f6glich ist, erarbeiten wir mit den Patienten einen pers\u00f6nlichen therapeutischen Weg, der sowohl die k\u00f6rperliche Seite, als auch die seelische Seite des Menschen einschlie\u00dft. Durch Ihre aktive Mitarbeit und das Befolgen unserer Empfehlungen k\u00f6nnen Sie viel zu Ihrem Heilerfolg beitragen.<\/p>\n<!-- \/wp:paragraph -->","_et_gb_content_width":"","footnotes":""},"class_list":["post-71","page","type-page","status-publish","hentry"],"_links":{"self":[{"href":"https:\/\/www.arztpraxis-huemer-und-braun.de\/index.php?rest_route=\/wp\/v2\/pages\/71","targetHints":{"allow":["GET"]}}],"collection":[{"href":"https:\/\/www.arztpraxis-huemer-und-braun.de\/index.php?rest_route=\/wp\/v2\/pages"}],"about":[{"href":"https:\/\/www.arztpraxis-huemer-und-braun.de\/index.php?rest_route=\/wp\/v2\/types\/page"}],"author":[{"embeddable":true,"href":"https:\/\/www.arztpraxis-huemer-und-braun.de\/index.php?rest_route=\/wp\/v2\/users\/1"}],"replies":[{"embeddable":true,"href":"https:\/\/www.arztpraxis-huemer-und-braun.de\/index.php?rest_route=%2Fwp%2Fv2%2Fcomments&post=71"}],"version-history":[{"count":12,"href":"https:\/\/www.arztpraxis-huemer-und-braun.de\/index.php?rest_route=\/wp\/v2\/pages\/71\/revisions"}],"predecessor-version":[{"id":840,"href":"https:\/\/www.arztpraxis-huemer-und-braun.de\/index.php?rest_route=\/wp\/v2\/pages\/71\/revisions\/840"}],"wp:attachment":[{"href":"https:\/\/www.arztpraxis-huemer-und-braun.de\/index.php?rest_route=%2Fwp%2Fv2%2Fmedia&parent=71"}],"curies":[{"name":"wp","href":"https:\/\/api.w.org\/{rel}","templated":true}]}}