{"id":77,"date":"2020-10-31T03:05:43","date_gmt":"2020-10-31T03:05:43","guid":{"rendered":"http:\/\/www.arztpraxis-huemer-und-braun.de\/test_wordpress\/?page_id=77"},"modified":"2021-02-04T18:54:14","modified_gmt":"2021-02-04T18:54:14","slug":"kostenerstattung","status":"publish","type":"page","link":"https:\/\/www.arztpraxis-huemer-und-braun.de\/?page_id=77","title":{"rendered":"Kostenerstattung"},"content":{"rendered":"[et_pb_section fb_built=&#8220;1&#8243; admin_label=&#8220;section&#8220; _builder_version=&#8220;3.22&#8243;][et_pb_row _builder_version=&#8220;4.7.7&#8243; _module_preset=&#8220;default&#8220;][et_pb_column type=&#8220;4_4&#8243; _builder_version=&#8220;4.7.7&#8243; _module_preset=&#8220;default&#8220;][et_pb_post_nav _builder_version=&#8220;4.7.7&#8243; _module_preset=&#8220;default&#8220;][\/et_pb_post_nav][et_pb_text content_tablet=&#8220;<h1>KOSTENERSTATTUNG<\/h1>\n&#8220; content_phone=&#8220;<h2>Kostenerstattung<\/h2>\n&#8220; content_last_edited=&#8220;on|phone&#8220; _builder_version=&#8220;4.7.7&#8243; _module_preset=&#8220;default&#8220; hover_enabled=&#8220;0&#8243; sticky_enabled=&#8220;0&#8243;]<h1>Kostenerstattung<\/h1>[\/et_pb_text][et_pb_text _builder_version=&#8220;4.7.7&#8243; _module_preset=&#8220;default&#8220;]<p><strong><em><u>Kostenerstattung Akupunktur<\/u><\/em><\/strong><\/p>\n<p><strong>M\u00f6glichkeiten der Kostenerstattung f\u00fcr eine \u00c4RZTLICHE Akupunkturbehandlung bei gesetzlich versicherten Patienten<\/strong><\/p>\n<p>a) Die gesetzlichen Krankenkassen bezahlen in der Regel K\u00f6rperakupunktur bei chronischen R\u00fccken- und chronischen Kniegelenksschmerzen, wenn sie von einem qualifizierten Arzt mit Kassenzulassung und Zusatzbezeichnung Akupunktur sowie Abrechnungsbefugnis der Akupunkturleistung erbracht werden. Diese Abrechnungsbefugnis hat unsere Praxis.<\/p>\n<p>b) Sollen andere Krankheitsbilder und andere Schmerzerkrankungen behandelt werden, haben die Patienten die Wahl, zu einem kassen- oder privat\u00e4rztlich t\u00e4tigen Arzt ihrer Wahl zu gehen; diese Therapien m\u00fcssen dann als sogenannte IGEL Leistungen von den kassenversicherten Patienten selber bezahlt werden. Wollen sich gesetzlich versicherte Patienten f\u00fcr solche zus\u00e4tzlichen \u00e4rztliche Leistungen absichern, m\u00fcssen sie eine private Zusatzversicherung abschlie\u00dfen. ( siehe hierzu\u00a0<a href=\"https:\/\/www.arztpraxis-huemer-und-braun.de\/test_wordpress\/private-zusatzversicherung\">&#8222;Was bieten private Krankenzusatzversicherungen&#8220;<\/a>)<\/p>\n<p>Viele Patienten entscheiden sich f\u00fcr eine privat\u00e4rztliche Akupunkturbehandlung bei ihrem Kassen- oder einem Privatarzt. Sie erwarten daf\u00fcr zu Recht eine hochwertige, individuelle Akupunktur, eine individuelle Anamneseerhebung und gen\u00fcgen Zeit f\u00fcr ihre Anliegen. Insbesondere bei schwierigen, chronischen Krankheitsf\u00e4llen sind diese Kriterien oft von gro\u00dfer Bedeutung. Ausschlaggebend f\u00fcr die Arztwahl sollte neben der \u201eSympathie und Wellenl\u00e4nge\u201c auch der Ausbildungsstand und die Erfahrung des Arztes im Bereich der Akupunktur und der dazugeh\u00f6rigen Methoden ( z.B. Moxa, Schr\u00f6pfen, TCM Ern\u00e4hrungsberatung, chin. Arzneitherapie, Tuina usw) sein. (n\u00e4heres hierzu\u00a0<a href=\"https:\/\/www.arztpraxis-huemer-und-braun.de\/test_wordpress\/akupunktur-und-tcm\">&#8222;Akupunktur und TCM&#8220;<\/a>)<\/p>\n<p><strong>M\u00f6glichkeiten der Kostenerstattung f\u00fcr eine \u00c4RZTLICHE Akupunkturbehandlung bei privat versicherten Patienten<\/strong><\/p>\n<p>Seit vielen Jahren ist die Schmerzakupunktur Bestandteil der privaten Krankenversicherung, eine entsprechende Abrechnungsziffer wurde in die Geb\u00fchrenordnung \u00c4rzte (GO\u00c4) aufgenommen. Fast alle neuen Vertr\u00e4ge beinhalten die \u00e4rztliche Akupunktur , ebenso die \u00e4rztlichen Naturheilverfahren und \u00e4rztliche Hom\u00f6opathie und h\u00e4ufig auch die \u00e4rztliche, chinesische Arzneitherapie. Probleme gibt es bisweilen mit der Erstattung von Akupunkturbehandlungen, die kein Schmerzkrankheitsbild behandeln ( z. B. Neurodermitis, Fertilit\u00e4tsst\u00f6rungen usw). N\u00e4here Auskunft kann Ihnen hier Ihr behandelnder Arzt oder Ihre private Krankenversicherung geben.<br \/> Sollten Sie einen neuen Vertrag abschlie\u00dfen, so empfehlen wir dringend, dass Sie vorab \u00fcberpr\u00fcfen, ob obige Vertragsinhalte auch Bestandteil Ihres Versicherungsvertrags sind. Es kann vorkommen, dass Ihnen Vertr\u00e4ge angeboten werden, in denen diese Leistungen nur erstattungsf\u00e4hig sind, wenn sie nach der Geb\u00fchrenordnung von Heilpraktikern und somit also nicht von \u00c4rzten abgerechnet werden.<br \/> Befragen Sie hierzu vorab detailliert Ihren Versicherungsvertreter oder erkundigen Sie sich bei einem unabh\u00e4ngigen Versicherungsmakler nach einer Versicherung, die Ihre W\u00fcnsche nach einer alternativen bzw komplement\u00e4ren und naturheilkundlichen \u00e4rztlichen Therapie beinhalten.<\/p>\n<p><\/p>[\/et_pb_text][\/et_pb_column][\/et_pb_row][\/et_pb_section]","protected":false},"excerpt":{"rendered":"<p>[et_pb_section fb_built=&#8220;1&#8243; admin_label=&#8220;section&#8220; _builder_version=&#8220;3.22&#8243;][et_pb_row _builder_version=&#8220;4.7.7&#8243; _module_preset=&#8220;default&#8220;][et_pb_column type=&#8220;4_4&#8243; _builder_version=&#8220;4.7.7&#8243; _module_preset=&#8220;default&#8220;][et_pb_post_nav _builder_version=&#8220;4.7.7&#8243; _module_preset=&#8220;default&#8220;][\/et_pb_post_nav][et_pb_text content_tablet=&#8220; KOSTENERSTATTUNG &#8220; content_phone=&#8220; Kostenerstattung &#8220; content_last_edited=&#8220;on|phone&#8220; _builder_version=&#8220;4.7.7&#8243; _module_preset=&#8220;default&#8220; hover_enabled=&#8220;0&#8243; sticky_enabled=&#8220;0&#8243;] Kostenerstattung [\/et_pb_text][et_pb_text _builder_version=&#8220;4.7.7&#8243; _module_preset=&#8220;default&#8220;] Kostenerstattung Akupunktur M\u00f6glichkeiten der Kostenerstattung f\u00fcr eine \u00c4RZTLICHE Akupunkturbehandlung bei gesetzlich versicherten Patienten a) Die gesetzlichen Krankenkassen bezahlen in der Regel K\u00f6rperakupunktur bei chronischen R\u00fccken- und chronischen Kniegelenksschmerzen, wenn [&hellip;]<\/p>\n","protected":false},"author":1,"featured_media":0,"parent":0,"menu_order":25,"comment_status":"closed","ping_status":"closed","template":"","meta":{"_et_pb_use_builder":"on","_et_pb_old_content":"<!-- wp:html -->\n<br>\n<!-- \/wp:html -->\n\n<!-- wp:heading {\"level\":5} -->\n<h5><strong><em><u>Kostenerstattung Akupunktur<\/u><\/em><\/strong><\/h5>\n<!-- \/wp:heading -->\n\n<!-- wp:paragraph -->\n<p><strong>M\u00f6glichkeiten der Kostenerstattung f\u00fcr eine \u00c4RZTLICHE Akupunkturbehandlung bei gesetzlich versicherten Patienten<\/strong><\/p>\n<!-- \/wp:paragraph -->\n\n<!-- wp:paragraph -->\n<p>a) Die gesetzlichen Krankenkassen bezahlen in der Regel K\u00f6rperakupunktur bei chronischen R\u00fccken- und chronischen Kniegelenksschmerzen, wenn sie von einem qualifizierten Arzt mit Kassenzulassung und Zusatzbezeichung Akupunktur sowie Abrechnungsbefugnis der Akupunkturleistung erbracht werden. Diese Abrechnungsbefugnis hat unsere Praxis.<\/p>\n<!-- \/wp:paragraph -->\n\n<!-- wp:paragraph -->\n<p>b) Sollen andere Krankheitsbilder und andere Schmerzerkrankungen behandelt werden, haben die Patienten die Wahl, zu einem kassen- oder privat\u00e4rztlich t\u00e4tigen Arzt ihrer Wahl zu gehen; diese Therapien m\u00fcssen dann als sogenannte IGEL Leistungen von den kassenversicherten Patienten selber bezahlt werden. Wollen sich gesetzlich versicherte Patienten f\u00fcr solche zus\u00e4tzlichen \u00e4rztliche Leistungen absichern, m\u00fcssen sie eine private Zusatzversicherung abschlie\u00dfen. ( siehe hierzu\u00a0<a href=\"http:\/\/www.arztpraxis-huemer-und-braun.de\/test_wordpress\/private-zusatzversicherung\">\"Was bieten private Krankenzusatzversicherungen\"<\/a>)<\/p>\n<!-- \/wp:paragraph -->\n\n<!-- wp:paragraph -->\n<p>Viele Patienten entscheiden sich f\u00fcr eine privat\u00e4rztliche Akupunkturbehandlung bei ihrem Kassen- oder einem Privatarzt. Sie erwarten daf\u00fcr zu Recht eine hochwertige, individuelle Akupunktur, eine individuelle Anamneseerhebung und gen\u00fcgen Zeit f\u00fcr ihre Anliegen. Insbesondere bei schwierigen, chronischen Krankheitsf\u00e4llen sind diese Kriterien oft von gro\u00dfer Bedeutung. Ausschlaggebend f\u00fcr die Arztwahl sollte neben der \u201eSympathie und Wellenl\u00e4nge\u201c auch der Ausbildungsstand und die Erfahrung des Arztes im Bereich der Akupunktur und der dazugeh\u00f6rigen Methoden ( z.B. Moxa, Schr\u00f6pfen, TCM Ern\u00e4hrungsberatung, chin. Arzneitherapie, Tuina usw) sein. (n\u00e4heres hierzu\u00a0<a href=\"http:\/\/www.arztpraxis-huemer-und-braun.de\/test_wordpress\/akupunktur-und-tcm\">\"Akupunktur und TCM\"<\/a>)<\/p>\n<!-- \/wp:paragraph -->\n\n<!-- wp:paragraph -->\n<p><strong>M\u00f6glichkeiten der Kostenerstattung f\u00fcr eine \u00c4RZTLICHE Akupunkturbehandlung bei privat versicherten Patienten<\/strong><\/p>\n<!-- \/wp:paragraph -->\n\n<!-- wp:paragraph -->\n<p>Seit vielen Jahren ist die Schmerzakupunktur Bestandteil der privaten Krankenversicherung, eine entsprechende Abrechnungsziffer wurde in die Geb\u00fchrenordnung \u00c4rzte (GO\u00c4) aufgenommen. Fast alle neuen Vertr\u00e4ge beinhalten die \u00e4rztliche Akupunktur , ebenso die \u00e4rztlichen Naturheilverfahren und \u00e4rztliche Hom\u00f6opathie und h\u00e4ufig auch die \u00e4rztliche, chinesische Arzneitherapie. Probleme gibt es bisweilen mit der Erstattung von Akupunkturbehandlungen, die kein Schmerzkrankheitsbild behandeln ( z. B. Neurodermitis, Fertilit\u00e4tsst\u00f6rungen usw). N\u00e4here Auskunft kann Ihnen hier Ihr behandelnder Arzt oder Ihre private Krankenversicherung geben.<br>Sollten Sie einen neuen Vertrag abschlie\u00dfen, so empfehlen wir dringend, dass Sie vorab \u00fcberpr\u00fcfen, ob obige Vertragsinhalte auch Bestandteil Ihres Versicherungsvertrags sind. Es kann vorkommen, dass Ihnen Vertr\u00e4ge angeboten werden, in denen diese Leistungen nur erstattungsf\u00e4hig sind, wenn sie nach der Geb\u00fchrenordnung von Heilpraktikern und somit also nicht von \u00c4rzten abgerechnet werden.<br>Befragen Sie hierzu vorab detailliert Ihren Versicherungsvertreter oder erkundigen Sie sich bei einem unabh\u00e4ngigen Versicherungsmakler nach einer Versicherung, die Ihre W\u00fcnsche nach einer alternativen bzw komplement\u00e4ren und naturheilkundlichen \u00e4rztlichen Therapie beinhalten.<\/p>\n<!-- \/wp:paragraph -->","_et_gb_content_width":"","footnotes":""},"class_list":["post-77","page","type-page","status-publish","hentry"],"_links":{"self":[{"href":"https:\/\/www.arztpraxis-huemer-und-braun.de\/index.php?rest_route=\/wp\/v2\/pages\/77","targetHints":{"allow":["GET"]}}],"collection":[{"href":"https:\/\/www.arztpraxis-huemer-und-braun.de\/index.php?rest_route=\/wp\/v2\/pages"}],"about":[{"href":"https:\/\/www.arztpraxis-huemer-und-braun.de\/index.php?rest_route=\/wp\/v2\/types\/page"}],"author":[{"embeddable":true,"href":"https:\/\/www.arztpraxis-huemer-und-braun.de\/index.php?rest_route=\/wp\/v2\/users\/1"}],"replies":[{"embeddable":true,"href":"https:\/\/www.arztpraxis-huemer-und-braun.de\/index.php?rest_route=%2Fwp%2Fv2%2Fcomments&post=77"}],"version-history":[{"count":7,"href":"https:\/\/www.arztpraxis-huemer-und-braun.de\/index.php?rest_route=\/wp\/v2\/pages\/77\/revisions"}],"predecessor-version":[{"id":852,"href":"https:\/\/www.arztpraxis-huemer-und-braun.de\/index.php?rest_route=\/wp\/v2\/pages\/77\/revisions\/852"}],"wp:attachment":[{"href":"https:\/\/www.arztpraxis-huemer-und-braun.de\/index.php?rest_route=%2Fwp%2Fv2%2Fmedia&parent=77"}],"curies":[{"name":"wp","href":"https:\/\/api.w.org\/{rel}","templated":true}]}}