{"id":82,"date":"2020-10-31T03:03:42","date_gmt":"2020-10-31T03:03:42","guid":{"rendered":"http:\/\/www.arztpraxis-huemer-und-braun.de\/test_wordpress\/?page_id=82"},"modified":"2024-01-17T06:31:00","modified_gmt":"2024-01-17T06:31:00","slug":"aerztliche-qualifikation","status":"publish","type":"page","link":"https:\/\/www.arztpraxis-huemer-und-braun.de\/?page_id=82","title":{"rendered":"\u00c4rztliche Qualifikation"},"content":{"rendered":"[et_pb_section fb_built=&#8220;1&#8243; admin_label=&#8220;section&#8220; _builder_version=&#8220;3.22&#8243;][et_pb_row _builder_version=&#8220;4.7.7&#8243; _module_preset=&#8220;default&#8220;][et_pb_column type=&#8220;4_4&#8243; _builder_version=&#8220;4.7.7&#8243; _module_preset=&#8220;default&#8220;][et_pb_text content_tablet=&#8220;<h1>\u00c4RZTLICHE QUALIFIKATION<\/h1>\n&#8220; content_phone=&#8220;<h2>\u00c4rztliche Qualifikation<\/h2>\n&#8220; content_last_edited=&#8220;on|phone&#8220; _builder_version=&#8220;4.7.7&#8243; _module_preset=&#8220;default&#8220;]<h1>\u00c4rztliche Qualifikation<\/h1>[\/et_pb_text][et_pb_text _builder_version=&#8220;4.7.7&#8243; _module_preset=&#8220;default&#8220;]<p><strong><em><u>\u00c4rztliche Akupunkturbehandlung &#8211; zu welchem Arzt gehe ich?<\/u><\/em><\/strong><\/p>\n<p>Es gibt sowohl\u00a0<strong>Kassen\u00e4rzte<\/strong>\u00a0als auch\u00a0<strong>Privat\u00e4rzte<\/strong>, bei denen Sie sich behandeln lassen k\u00f6nnen.<\/p>\n<p>Grunds\u00e4tzlich sollten Sie auf die\u00a0<strong>Qualifikation des Arztes<\/strong>\u00a0achten und sich nicht scheuen zu fragen, welche Ausbildung und welche Erfahrung ihr Arzt in Akupunktur hat. Sicherlich gut in Akupunktur und TCM ausgebildet sind \u00c4rzte mit B Diplom (350 Ausbildungsstunden) oder mit dem Abschluss eines Meisterstudiengangs (500 oder mehr Ausbildungsstunden). Sie verf\u00fcgen in der Regel \u00fcber eine hohe Qualifikation und oft \u00fcber langj\u00e4hrige spezifische Erfahrung. Zumindest sollte der Arzt \u00fcber die Zusatzbezeichnung Akupunktur (200 Stunden Weiterbildung mit Pr\u00fcfung bei der \u00c4rztekammer) oder einem \u00e4hnlichen Ausbildungsstand verf\u00fcgen. \u00c4rzte mit der Qualifikation A Diplom haben 120 Stunden Grundausbildung mit Pr\u00fcfung erfolgreich absolviert.<\/p>\n<p>Spezielle zus\u00e4tzliche Weiterbildungen sind notwendig f\u00fcr chinesische Arzneitherapie, f\u00fcr Tuina, Qi Gong usw.<\/p>\n<p><\/p>[\/et_pb_text][\/et_pb_column][\/et_pb_row][\/et_pb_section]","protected":false},"excerpt":{"rendered":"<p>[et_pb_section fb_built=&#8220;1&#8243; admin_label=&#8220;section&#8220; _builder_version=&#8220;3.22&#8243;][et_pb_row _builder_version=&#8220;4.7.7&#8243; _module_preset=&#8220;default&#8220;][et_pb_column type=&#8220;4_4&#8243; _builder_version=&#8220;4.7.7&#8243; _module_preset=&#8220;default&#8220;][et_pb_text content_tablet=&#8220; \u00c4RZTLICHE QUALIFIKATION &#8220; content_phone=&#8220; \u00c4rztliche Qualifikation &#8220; content_last_edited=&#8220;on|phone&#8220; _builder_version=&#8220;4.7.7&#8243; _module_preset=&#8220;default&#8220;] \u00c4rztliche Qualifikation [\/et_pb_text][et_pb_text _builder_version=&#8220;4.7.7&#8243; _module_preset=&#8220;default&#8220;] \u00c4rztliche Akupunkturbehandlung &#8211; zu welchem Arzt gehe ich? Es gibt sowohl\u00a0Kassen\u00e4rzte\u00a0als auch\u00a0Privat\u00e4rzte, bei denen Sie sich behandeln lassen k\u00f6nnen. Grunds\u00e4tzlich sollten Sie auf die\u00a0Qualifikation des Arztes\u00a0achten und sich nicht scheuen [&hellip;]<\/p>\n","protected":false},"author":1,"featured_media":0,"parent":0,"menu_order":23,"comment_status":"closed","ping_status":"closed","template":"","meta":{"_et_pb_use_builder":"on","_et_pb_old_content":"<!-- wp:html -->\n<br>\n<!-- \/wp:html -->\n\n<!-- wp:heading {\"level\":5} -->\n<h5><strong><em><u>\u00c4rztliche Akupunkturbehandlung - zu welchem Arzt gehe ich?<\/u><\/em><\/strong><\/h5>\n<!-- \/wp:heading -->\n\n<!-- wp:paragraph -->\n<p>Es gibt sowohl&nbsp;<strong>Kassen\u00e4rzte<\/strong>&nbsp;als auch&nbsp;<strong>Privat\u00e4rzte<\/strong>, bei denen Sie sich behandeln lassen k\u00f6nnen.<\/p>\n<!-- \/wp:paragraph -->\n\n<!-- wp:paragraph -->\n<p>Grunds\u00e4tzlich sollten Sie auf die&nbsp;<strong>Qualifikation des Arztes<\/strong>&nbsp;achten und sich nicht scheuen zu fragen, welche Ausbildung und welche Erfahrung ihr Arzt in Akupunktur hat. Sicherlich gut in Akupunktur und TCM ausgebildet sind \u00c4rzte mit B Diplom (350 Ausbildungsstunden) oder mit dem Abschluss eines Meisterstudiengangs (500 oder mehr Ausbildungsstunden). Sie verf\u00fcgen in der Regel \u00fcber eine hohe Qualifikation und oft \u00fcber langj\u00e4hrige spezifische Erfahrung. Zumindest sollte der Arzt \u00fcber die Zusatzbezeichnung Akupunktur (200 Stunden Weiterbildung mit Pr\u00fcfung bei der \u00c4rztekammer) oder einem \u00e4hnlichen Ausbildungsstand verf\u00fcgen. \u00c4rzte mit der Qualifikation A Diplom haben 120 Stunden Grundausbildung mit Pr\u00fcfung erfolgreich absolviert.<\/p>\n<!-- \/wp:paragraph -->\n\n<!-- wp:paragraph -->\n<p>Spezielle zus\u00e4tzliche Weiterbildungen sind notwendig f\u00fcr chinesische Arzneitherapie, f\u00fcr Tuina, Qi Gong usw.<\/p>\n<!-- \/wp:paragraph -->","_et_gb_content_width":"","footnotes":""},"class_list":["post-82","page","type-page","status-publish","hentry"],"_links":{"self":[{"href":"https:\/\/www.arztpraxis-huemer-und-braun.de\/index.php?rest_route=\/wp\/v2\/pages\/82","targetHints":{"allow":["GET"]}}],"collection":[{"href":"https:\/\/www.arztpraxis-huemer-und-braun.de\/index.php?rest_route=\/wp\/v2\/pages"}],"about":[{"href":"https:\/\/www.arztpraxis-huemer-und-braun.de\/index.php?rest_route=\/wp\/v2\/types\/page"}],"author":[{"embeddable":true,"href":"https:\/\/www.arztpraxis-huemer-und-braun.de\/index.php?rest_route=\/wp\/v2\/users\/1"}],"replies":[{"embeddable":true,"href":"https:\/\/www.arztpraxis-huemer-und-braun.de\/index.php?rest_route=%2Fwp%2Fv2%2Fcomments&post=82"}],"version-history":[{"count":9,"href":"https:\/\/www.arztpraxis-huemer-und-braun.de\/index.php?rest_route=\/wp\/v2\/pages\/82\/revisions"}],"predecessor-version":[{"id":1096,"href":"https:\/\/www.arztpraxis-huemer-und-braun.de\/index.php?rest_route=\/wp\/v2\/pages\/82\/revisions\/1096"}],"wp:attachment":[{"href":"https:\/\/www.arztpraxis-huemer-und-braun.de\/index.php?rest_route=%2Fwp%2Fv2%2Fmedia&parent=82"}],"curies":[{"name":"wp","href":"https:\/\/api.w.org\/{rel}","templated":true}]}}