{"id":97,"date":"2020-10-31T08:00:40","date_gmt":"2020-10-31T08:00:40","guid":{"rendered":"http:\/\/www.arztpraxis-huemer-und-braun.de\/test_wordpress\/?page_id=97"},"modified":"2021-02-04T18:56:38","modified_gmt":"2021-02-04T18:56:38","slug":"impressum","status":"publish","type":"page","link":"https:\/\/www.arztpraxis-huemer-und-braun.de\/?page_id=97","title":{"rendered":"Impressum"},"content":{"rendered":"[et_pb_section fb_built=&#8220;1&#8243; admin_label=&#8220;section&#8220; _builder_version=&#8220;3.22&#8243;][et_pb_row admin_label=&#8220;row&#8220; _builder_version=&#8220;3.25&#8243; background_size=&#8220;initial&#8220; background_position=&#8220;top_left&#8220; background_repeat=&#8220;repeat&#8220;][et_pb_column type=&#8220;4_4&#8243; _builder_version=&#8220;3.25&#8243; custom_padding=&#8220;|||&#8220; custom_padding__hover=&#8220;|||&#8220;][et_pb_text content_tablet=&#8220;<h1>IMPRESSUM<\/h1>\n&#8220; content_phone=&#8220;<h2>Impressum<\/h2>\n&#8220; content_last_edited=&#8220;on|phone&#8220; _builder_version=&#8220;4.7.7&#8243; _module_preset=&#8220;default&#8220; hover_enabled=&#8220;0&#8243; sticky_enabled=&#8220;0&#8243;]<h1>Impressum<\/h1>[\/et_pb_text][et_pb_text admin_label=&#8220;Text&#8220; _builder_version=&#8220;4.7.7&#8243; background_size=&#8220;initial&#8220; background_position=&#8220;top_left&#8220; background_repeat=&#8220;repeat&#8220;]<p><\/p>\n<h5 class=\"wp-block-heading\">Pflichtangaben<\/h5>\n<table>\n<tbody>\n<tr>\n<td class=\"has-text-align-left\" data-align=\"left\"><strong>Name:<\/strong><\/td>\n<td class=\"has-text-align-left\" data-align=\"left\">Gabriela Huemer und Michael Braun<\/td>\n<\/tr>\n<tr>\n<td class=\"has-text-align-left\" data-align=\"left\"><strong>Praxisanschrift:<\/strong><\/td>\n<td class=\"has-text-align-left\" data-align=\"left\">Brannenburger Str. 3a<br \/> 83131 Nu\u00dfdorf am Inn<\/td>\n<\/tr>\n<tr>\n<td class=\"has-text-align-left\" data-align=\"left\"><\/td>\n<td class=\"has-text-align-left\" data-align=\"left\"><\/td>\n<\/tr>\n<tr>\n<td class=\"has-text-align-left\" data-align=\"left\"><strong>Tel.:<\/strong><\/td>\n<td class=\"has-text-align-left\" data-align=\"left\">08034 4086<\/td>\n<\/tr>\n<tr>\n<td class=\"has-text-align-left\" data-align=\"left\"><strong>Fax:<\/strong><\/td>\n<td class=\"has-text-align-left\" data-align=\"left\">08034 4510<\/td>\n<\/tr>\n<tr>\n<td class=\"has-text-align-left\" data-align=\"left\"><strong>Email:<\/strong><\/td>\n<td class=\"has-text-align-left\" data-align=\"left\"><a href=\"mailto:praxis.braun.huemer@t-online.de\">praxis.braun.huemer(at)t-online.de<\/a><\/td>\n<\/tr>\n<tr>\n<td class=\"has-text-align-left\" data-align=\"left\"><strong>Internet:<\/strong><\/td>\n<td class=\"has-text-align-left\" data-align=\"left\"><a rel=\"noreferrer noopener\" href=\"https:\/\/www.arztpraxis-huemer-und-braun.de\/\" target=\"_blank\">www.arztpraxis-huemer-und-braun.de<\/a><\/td>\n<\/tr>\n<tr>\n<td class=\"has-text-align-left\" data-align=\"left\"><\/td>\n<td class=\"has-text-align-left\" data-align=\"left\"><\/td>\n<\/tr>\n<tr>\n<td class=\"has-text-align-left\" data-align=\"left\"><strong>Berufliche<br \/> Bezeichnung:<\/strong><\/td>\n<td class=\"has-text-align-left\" data-align=\"left\">Gabriela Huemer &#8211; Praktische \u00c4rztin<br \/> Michael Braun &#8211; Facharzt<\/td>\n<\/tr>\n<tr>\n<td class=\"has-text-align-left\" data-align=\"left\"><strong>Staat:<\/strong><\/td>\n<td class=\"has-text-align-left\" data-align=\"left\">Bundesrepublik Deutschland<\/td>\n<\/tr>\n<tr>\n<td class=\"has-text-align-left\" data-align=\"left\"><\/td>\n<td class=\"has-text-align-left\" data-align=\"left\"><\/td>\n<\/tr>\n<tr>\n<td class=\"has-text-align-left\" data-align=\"left\"><strong>\u00c4rztekammer:<\/strong><\/td>\n<td class=\"has-text-align-left\" data-align=\"left\">Bayerische Landes\u00e4rztekammer<br \/> M\u00fchlbaurstr. 16<br \/> 81677 M\u00fcnchen<br \/> <a href=\"http:\/\/www.blaek.de\/\">www.blaek.de<\/a><\/td>\n<\/tr>\n<tr>\n<td class=\"has-text-align-left\" data-align=\"left\"><\/td>\n<td class=\"has-text-align-left\" data-align=\"left\"><\/td>\n<\/tr>\n<tr>\n<td class=\"has-text-align-left\" data-align=\"left\"><strong>Kassen\u00e4rztliche<br \/> Vereinigung:<\/strong><\/td>\n<td class=\"has-text-align-left\" data-align=\"left\">Kassen\u00e4rztliche Vereinigung Bayerns<br \/> Arabellastra\u00dfe 30<br \/> 81925 M\u00fcnchen<br \/> <a href=\"http:\/\/www.kvb.de\/\">www.kvb.de<\/a><\/td>\n<\/tr>\n<\/tbody>\n<\/table>\n<p><\/p>\n<p><\/p>\n<p><\/p>\n<p>Hinweis:<br \/> Die im Text enthaltenen Informationen, Erkl\u00e4rungen und Beschreibungen stellen in keiner Weise Ersatz f\u00fcr professionelle Beratungen oder Behandlungen durch ausgebildete und anerkannte \u00c4rzte dar und erheben keinen Anspruch auf Vollst\u00e4ndigkeit, sondern beziehen sich nur auf typische oder besonders herausgestellte Krankheitsbeschreibungen, Untersuchungs- und Behandlungsmethoden o.\u00e4.. Dieses gilt f\u00fcr alle Seiten. Der Inhalt dieser Seiten darf und kann nicht f\u00fcr die Erstellung eigenst\u00e4ndiger Diagnosen oder f\u00fcr die Auswahl und Anwendung von Behandlungsmethoden verwendet werden.<\/p>\n<p>Mit Urteil vom 12. Mai 1998 hat das Landgericht Hamburg entschieden, dass man durch die Ausbringung eines Links die Inhalte der gelinkten Seite ggf. mit zu verantworten hat. Dies kann, so das LG, nur dadurch verhindert werden, dass man sich ausdr\u00fccklich von diesen Inhalten distanziert. Wir haben auf unseren Seiten Links zu anderen Seiten im Internet gelegt. F\u00fcr alle diese Links gilt: Wir erkl\u00e4ren ausdr\u00fccklich, dass sie keinerlei Einfluss auf die Gestaltung und die Inhalte der gelinkten Seiten haben. Deshalb distanzieren wir uns hiermit ausdr\u00fccklich von den Inhalten aller gelinkten Seiten auf unserer Website und machen uns diese Inhalte nicht zu Eigen. Diese Erkl\u00e4rung gilt f\u00fcr alle dieser Domain angezeigten Links und f\u00fcr alle Inhalte der Seiten, zu denen die hier angemeldeten Banner und Links f\u00fchren. F\u00fcr den Inhalt der Kommentare sind die Verfasser und nicht die Betreiber dieser Seite verantwortlich.<\/p>\n<p><\/p>[\/et_pb_text][\/et_pb_column][\/et_pb_row][\/et_pb_section]","protected":false},"excerpt":{"rendered":"<p>[et_pb_section fb_built=&#8220;1&#8243; admin_label=&#8220;section&#8220; _builder_version=&#8220;3.22&#8243;][et_pb_row admin_label=&#8220;row&#8220; _builder_version=&#8220;3.25&#8243; background_size=&#8220;initial&#8220; background_position=&#8220;top_left&#8220; background_repeat=&#8220;repeat&#8220;][et_pb_column type=&#8220;4_4&#8243; _builder_version=&#8220;3.25&#8243; custom_padding=&#8220;|||&#8220; custom_padding__hover=&#8220;|||&#8220;][et_pb_text content_tablet=&#8220; IMPRESSUM &#8220; content_phone=&#8220; Impressum &#8220; content_last_edited=&#8220;on|phone&#8220; _builder_version=&#8220;4.7.7&#8243; _module_preset=&#8220;default&#8220; hover_enabled=&#8220;0&#8243; sticky_enabled=&#8220;0&#8243;] Impressum [\/et_pb_text][et_pb_text admin_label=&#8220;Text&#8220; _builder_version=&#8220;4.7.7&#8243; background_size=&#8220;initial&#8220; background_position=&#8220;top_left&#8220; background_repeat=&#8220;repeat&#8220;] Pflichtangaben Name: Gabriela Huemer und Michael Braun Praxisanschrift: Brannenburger Str. 3a 83131 Nu\u00dfdorf am Inn Tel.: 08034 4086 Fax: 08034 4510 Email: praxis.braun.huemer(at)t-online.de Internet: [&hellip;]<\/p>\n","protected":false},"author":1,"featured_media":0,"parent":0,"menu_order":100,"comment_status":"closed","ping_status":"closed","template":"","meta":{"_et_pb_use_builder":"on","_et_pb_old_content":"<!-- wp:heading {\"level\":5} -->\n<h5>Pflichtangaben<\/h5>\n<!-- \/wp:heading -->\n\n<!-- wp:table {\"align\":\"center\"} -->\n<figure class=\"wp-block-table aligncenter\"><table><tbody><tr><td class=\"has-text-align-left\" data-align=\"left\"><strong>Name:<\/strong><\/td><td class=\"has-text-align-left\" data-align=\"left\">Gabriela Huemer und Michael Braun<\/td><\/tr><tr><td class=\"has-text-align-left\" data-align=\"left\"><strong>Praxisanschrift:<\/strong><\/td><td class=\"has-text-align-left\" data-align=\"left\">Brannenburger Str. 3a<br>83131 Nu\u00dfdorf am Inn<\/td><\/tr><tr><td class=\"has-text-align-left\" data-align=\"left\"><\/td><td class=\"has-text-align-left\" data-align=\"left\"><\/td><\/tr><tr><td class=\"has-text-align-left\" data-align=\"left\"><strong>Tel.:<\/strong><\/td><td class=\"has-text-align-left\" data-align=\"left\">08034 4086<\/td><\/tr><tr><td class=\"has-text-align-left\" data-align=\"left\"><strong>Fax:<\/strong><\/td><td class=\"has-text-align-left\" data-align=\"left\">08034 4510<\/td><\/tr><tr><td class=\"has-text-align-left\" data-align=\"left\"><strong>Email:<\/strong><\/td><td class=\"has-text-align-left\" data-align=\"left\"><a href=\"mailto:praxis.braun.huemer@t-online.de\">praxis.braun.huemer@t-online.de<\/a><\/td><\/tr><tr><td class=\"has-text-align-left\" data-align=\"left\"><strong>Internet:<\/strong><\/td><td class=\"has-text-align-left\" data-align=\"left\"><a rel=\"noreferrer noopener\" href=\"http:\/\/www.arztpraxis-huemer-und-braun.de\/\" target=\"_blank\">www.arztpraxis-huemer-und-braun.de<\/a><\/td><\/tr><tr><td class=\"has-text-align-left\" data-align=\"left\"><\/td><td class=\"has-text-align-left\" data-align=\"left\"><\/td><\/tr><tr><td class=\"has-text-align-left\" data-align=\"left\"><strong>Berufliche<br>Bezeichnung:<\/strong><\/td><td class=\"has-text-align-left\" data-align=\"left\">Gabriela Huemer - Praktische \u00c4rztin<br>Michael Braun - Facharzt<\/td><\/tr><tr><td class=\"has-text-align-left\" data-align=\"left\"><strong>Staat:<\/strong><\/td><td class=\"has-text-align-left\" data-align=\"left\">Bundesrepublik Deutschland<\/td><\/tr><tr><td class=\"has-text-align-left\" data-align=\"left\"><\/td><td class=\"has-text-align-left\" data-align=\"left\"><\/td><\/tr><tr><td class=\"has-text-align-left\" data-align=\"left\"><strong>\u00c4rztekammer:<\/strong><\/td><td class=\"has-text-align-left\" data-align=\"left\">Bayerische Landes\u00e4rztekammer<br>M\u00fchlbaurstr. 16<br>81677 M\u00fcnchen<br><a href=\"http:\/\/www.blaek.de\/\">www.blaek.de<\/a><\/td><\/tr><tr><td class=\"has-text-align-left\" data-align=\"left\"><\/td><td class=\"has-text-align-left\" data-align=\"left\"><\/td><\/tr><tr><td class=\"has-text-align-left\" data-align=\"left\"><strong>Kassen\u00e4rztliche<br>Vereinigung:<\/strong><\/td><td class=\"has-text-align-left\" data-align=\"left\">Kassen\u00e4rztliche Vereinigung Bayerns<br>Arabellastra\u00dfe 30<br>81925 M\u00fcnchen<br><a href=\"http:\/\/www.kvb.de\/\">www.kvb.de<\/a><\/td><\/tr><\/tbody><\/table><\/figure>\n<!-- \/wp:table -->\n\n<!-- wp:paragraph -->\n<p><\/p>\n<!-- \/wp:paragraph -->\n\n<!-- wp:paragraph -->\n<p><\/p>\n<!-- \/wp:paragraph -->\n\n<!-- wp:paragraph -->\n<p><\/p>\n<!-- \/wp:paragraph -->\n\n<!-- wp:paragraph -->\n<p><\/p>\n<!-- \/wp:paragraph -->\n\n<!-- wp:paragraph -->\n<p><\/p>\n<!-- \/wp:paragraph -->\n\n<!-- wp:paragraph -->\n<p>Hinweis:<br>Die im Text enthaltenen Informationen, Erkl\u00e4rungen und Beschreibungen stellen in keiner Weise Ersatz f\u00fcr professionelle Beratungen oder Behandlungen durch ausgebildete und anerkannte \u00c4rzte dar und erheben keinen Anspruch auf Vollst\u00e4ndigkeit, sondern beziehen sich nur auf typische oder besonders herausgestellte Krankheitsbeschreibungen, Untersuchungs- und Behandlungsmethoden o.\u00e4.. Dieses gilt f\u00fcr alle Seiten.Der Inhalt dieser Seiten darf und kann nicht f\u00fcr die Erstellung eigenst\u00e4ndiger Diagnosen oder f\u00fcr die Auswahl und Anwendung von Behandlungsmethoden verwendet werden.&nbsp;<\/p>\n<!-- \/wp:paragraph -->\n\n<!-- wp:paragraph -->\n<p>Mit Urteil vom 12. Mai 1998 hat das Landgericht Hamburg entschieden, dass man durch die Ausbringung eines Links die Inhalte der gelinkten Seite ggf. mit zu verantworten hat. Dies kann, so das LG, nur dadurch verhindert werden, dass man sich ausdr\u00fccklich von diesen Inhalten distanziert. Wir haben auf unseren Seiten Links zu anderen Seiten im Internet gelegt. F\u00fcr alle diese Links gilt: Wir erkl\u00e4ren ausdr\u00fccklich, dass sie keinerlei Einfluss auf die Gestaltung und die Inhalte der gelinkten Seiten haben. Deshalb distanzieren wir uns hiermit ausdr\u00fccklich von den Inhalten aller gelinkten Seiten auf unserer Website und machen uns diese Inhalte nicht zu Eigen. Diese Erkl\u00e4rung gilt f\u00fcr alle dieser Domain angezeigten Links und f\u00fcr alle Inhalte der Seiten, zu denen die hier angemeldeten Banner und Links f\u00fchren. F\u00fcr den Inhalt der Kommentare sind die Verfasser und nicht die Betreiber dieser Seite verantwortlich.<\/p>\n<!-- \/wp:paragraph -->","_et_gb_content_width":"","footnotes":""},"class_list":["post-97","page","type-page","status-publish","hentry"],"_links":{"self":[{"href":"https:\/\/www.arztpraxis-huemer-und-braun.de\/index.php?rest_route=\/wp\/v2\/pages\/97","targetHints":{"allow":["GET"]}}],"collection":[{"href":"https:\/\/www.arztpraxis-huemer-und-braun.de\/index.php?rest_route=\/wp\/v2\/pages"}],"about":[{"href":"https:\/\/www.arztpraxis-huemer-und-braun.de\/index.php?rest_route=\/wp\/v2\/types\/page"}],"author":[{"embeddable":true,"href":"https:\/\/www.arztpraxis-huemer-und-braun.de\/index.php?rest_route=\/wp\/v2\/users\/1"}],"replies":[{"embeddable":true,"href":"https:\/\/www.arztpraxis-huemer-und-braun.de\/index.php?rest_route=%2Fwp%2Fv2%2Fcomments&post=97"}],"version-history":[{"count":14,"href":"https:\/\/www.arztpraxis-huemer-und-braun.de\/index.php?rest_route=\/wp\/v2\/pages\/97\/revisions"}],"predecessor-version":[{"id":858,"href":"https:\/\/www.arztpraxis-huemer-und-braun.de\/index.php?rest_route=\/wp\/v2\/pages\/97\/revisions\/858"}],"wp:attachment":[{"href":"https:\/\/www.arztpraxis-huemer-und-braun.de\/index.php?rest_route=%2Fwp%2Fv2%2Fmedia&parent=97"}],"curies":[{"name":"wp","href":"https:\/\/api.w.org\/{rel}","templated":true}]}}